{"id":121,"date":"2019-08-23T15:32:57","date_gmt":"2019-08-23T13:32:57","guid":{"rendered":"http:\/\/contec-ek.de\/inhalt\/?page_id=121"},"modified":"2026-02-18T10:09:59","modified_gmt":"2026-02-18T09:09:59","slug":"kontakt","status":"publish","type":"page","link":"https:\/\/contec-ek.de\/inhalt-en\/kontakt\/","title":{"rendered":"CONTACT"},"content":{"rendered":"<div class=\"fusion-fullwidth fullwidth-box fusion-builder-row-1 fusion-flex-container nonhundred-percent-fullwidth non-hundred-percent-height-scrolling\" style=\"--awb-border-radius-top-left:0px;--awb-border-radius-top-right:0px;--awb-border-radius-bottom-right:0px;--awb-border-radius-bottom-left:0px;--awb-margin-top:50px;\" ><div class=\"fusion-builder-row fusion-row fusion-flex-align-items-flex-start\" style=\"max-width:1248px;margin-left: calc(-4% \/ 2 );margin-right: calc(-4% \/ 2 );\"><div class=\"fusion-layout-column fusion_builder_column fusion-builder-column-0 fusion_builder_column_1_4 1_4 fusion-flex-column fusion-no-small-visibility fusion-no-medium-visibility\" style=\"--awb-bg-size:cover;--awb-width-large:25%;--awb-margin-top-large:0px;--awb-spacing-right-large:7.68%;--awb-margin-bottom-large:0px;--awb-spacing-left-large:7.68%;--awb-width-medium:100%;--awb-spacing-right-medium:1.92%;--awb-spacing-left-medium:1.92%;--awb-width-small:100%;--awb-spacing-right-small:1.92%;--awb-spacing-left-small:1.92%;\"><div class=\"fusion-column-wrapper fusion-flex-justify-content-flex-start fusion-content-layout-column\"><div class=\"fusion-image-element \" style=\"--awb-caption-title-size:var(--h2_typography-font-size);--awb-caption-title-transform:var(--h2_typography-text-transform);--awb-caption-title-line-height:var(--h2_typography-line-height);--awb-caption-title-letter-spacing:var(--h2_typography-letter-spacing);\"><span class=\" fusion-imageframe imageframe-none imageframe-1 hover-type-none\"><img decoding=\"async\" width=\"485\" height=\"571\" title=\"stefan-schramm\" src=\"http:\/\/contec-ek.de\/inhalt-en\/wp-content\/uploads\/2020\/06\/stefan-schramm.jpg\" alt class=\"img-responsive wp-image-592\" srcset=\"https:\/\/contec-ek.de\/inhalt-en\/wp-content\/uploads\/2020\/06\/stefan-schramm-200x235.jpg 200w, https:\/\/contec-ek.de\/inhalt-en\/wp-content\/uploads\/2020\/06\/stefan-schramm-400x471.jpg 400w, https:\/\/contec-ek.de\/inhalt-en\/wp-content\/uploads\/2020\/06\/stefan-schramm.jpg 485w\" sizes=\"(max-width: 1024px) 100vw, (max-width: 640px) 100vw, 400px\" \/><\/span><\/div><div class=\"fusion-text fusion-text-1\"><p style=\"text-align: center;\">Stefan Schramm<\/p>\n<\/div><\/div><\/div><div class=\"fusion-layout-column fusion_builder_column fusion-builder-column-1 fusion_builder_column_1_4 1_4 fusion-flex-column\" style=\"--awb-bg-size:cover;--awb-width-large:25%;--awb-margin-top-large:0px;--awb-spacing-right-large:7.68%;--awb-margin-bottom-large:0px;--awb-spacing-left-large:7.68%;--awb-width-medium:100%;--awb-spacing-right-medium:1.92%;--awb-spacing-left-medium:1.92%;--awb-width-small:100%;--awb-spacing-right-small:1.92%;--awb-spacing-left-small:1.92%;\"><div class=\"fusion-column-wrapper fusion-flex-justify-content-flex-start fusion-content-layout-column\"><div class=\"fusion-title title fusion-title-1 fusion-sep-none fusion-title-text fusion-title-size-one\" style=\"--awb-text-color:#1c70b9;--awb-margin-bottom:20px;--awb-font-size:20px;\"><h1 class=\"title-heading-left\" style=\"margin:0;font-size:1em;\"><strong>CONTACT<\/strong><\/h1><\/div><div class=\"fusion-text fusion-text-2\"><p>Contec e.K., Stefan Schramm<br \/>\nWolfsgangstrasse 96<br \/>\n60322 Frankfurt am Main, Germany<\/p>\n<p><a href=\"mailto:schramm@contec-ek.de\">schramm@contec-ek.de<\/a><br \/>\n+49-(0)69-24004840<br \/>\n+49-(0)171-5532240<\/p>\n<\/div><\/div><\/div><div class=\"fusion-layout-column fusion_builder_column fusion-builder-column-2 fusion_builder_column_1_2 1_2 fusion-flex-column\" style=\"--awb-bg-size:cover;--awb-width-large:50%;--awb-margin-top-large:0px;--awb-spacing-right-large:3.84%;--awb-margin-bottom-large:0px;--awb-spacing-left-large:3.84%;--awb-width-medium:100%;--awb-spacing-right-medium:1.92%;--awb-spacing-left-medium:1.92%;--awb-width-small:100%;--awb-spacing-right-small:1.92%;--awb-spacing-left-small:1.92%;\"><div class=\"fusion-column-wrapper fusion-flex-justify-content-flex-start fusion-content-layout-column\"><div class=\"fusion-title title fusion-title-2 fusion-sep-none fusion-title-text fusion-title-size-one\" style=\"--awb-text-color:#1c70b9;--awb-margin-bottom:20px;--awb-font-size:20px;\"><h1 class=\"title-heading-left\" style=\"margin:0;font-size:1em;\"><strong>YOUR MESSAGE<\/strong><\/h1><\/div><div class=\"fusion-text fusion-text-3\"><div role=\"form\" class=\"wpcf7\" id=\"wpcf7-f5-o1\" lang=\"de-DE\" dir=\"ltr\">\n<div class=\"screen-reader-response\"><\/div>\n<form action=\"\/inhalt-en\/wp-json\/wp\/v2\/pages\/121#wpcf7-f5-o1\" method=\"post\" class=\"wpcf7-form\" novalidate=\"novalidate\">\n<div style=\"display: none;\">\n<input type=\"hidden\" name=\"_wpcf7\" value=\"5\" \/>\n<input type=\"hidden\" name=\"_wpcf7_version\" value=\"5.1.4\" \/>\n<input type=\"hidden\" name=\"_wpcf7_locale\" value=\"de_DE\" \/>\n<input type=\"hidden\" name=\"_wpcf7_unit_tag\" value=\"wpcf7-f5-o1\" \/>\n<input type=\"hidden\" name=\"_wpcf7_container_post\" value=\"0\" \/>\n<\/div>\n<p><label> YOUR NAME<br \/>\n    <span class=\"wpcf7-form-control-wrap name\"><input type=\"text\" name=\"name\" value=\"\" size=\"40\" class=\"wpcf7-form-control wpcf7-text wpcf7-validates-as-required\" aria-required=\"true\" aria-invalid=\"false\" \/><\/span> <\/label><\/p>\n<p><label> COMPANY<br \/>\n    <span class=\"wpcf7-form-control-wrap firma\"><input type=\"text\" name=\"firma\" value=\"\" size=\"40\" class=\"wpcf7-form-control wpcf7-text wpcf7-validates-as-required\" aria-required=\"true\" aria-invalid=\"false\" \/><\/span> <\/label><\/p>\n<p><label> E-MAIL<br \/>\n    <span class=\"wpcf7-form-control-wrap e-mail\"><input type=\"email\" name=\"e-mail\" value=\"\" size=\"40\" class=\"wpcf7-form-control wpcf7-text wpcf7-email wpcf7-validates-as-required wpcf7-validates-as-email\" aria-required=\"true\" aria-invalid=\"false\" \/><\/span> <\/label><\/p>\n<p><label> MESSAGE<br \/>\n    <span class=\"wpcf7-form-control-wrap ihre-nachricht\"><textarea name=\"ihre-nachricht\" cols=\"40\" rows=\"10\" class=\"wpcf7-form-control wpcf7-textarea\" aria-invalid=\"false\"><\/textarea><\/span> <\/label><\/p>\n<p><span class=\"wpcf7-form-control-wrap acceptance-374\"><span class=\"wpcf7-form-control wpcf7-acceptance\"><span class=\"wpcf7-list-item\"><input type=\"checkbox\" name=\"acceptance-374\" value=\"1\" aria-invalid=\"false\" \/><\/span><\/span><\/span> I accept the Privacy Policy from Contec e.K.<\/p>\n<p><input type=\"submit\" value=\"ABSENDEN\" class=\"wpcf7-form-control wpcf7-submit\" \/><\/p>\n<div class=\"fusion-alert alert custom alert-custom fusion-alert-center wpcf7-response-output wpcf7-display-none fusion-alert-capitalize alert-dismissable\" style=\"--awb-border-size:1px;\" role=\"alert\"><div class=\"fusion-alert-content-wrapper\"><span class=\"fusion-alert-content\"><\/span><\/div><button type=\"button\" class=\"close toggle-alert\" data-dismiss=\"alert\" aria-label=\"Close\">&times;<\/button><\/div><\/form><\/div>\n<\/div><div class=\"fusion-title title fusion-title-3 fusion-no-small-visibility fusion-no-medium-visibility fusion-sep-none fusion-title-text fusion-title-size-one\" style=\"--awb-text-color:#1c70b9;--awb-margin-top:50px;--awb-margin-bottom:20px;--awb-font-size:20px;\"><h1 class=\"title-heading-left\" style=\"margin:0;font-size:1em;\"><strong>References:<\/strong><\/h1><\/div><div class=\"fusion-title title fusion-title-4 fusion-sep-none fusion-title-text fusion-title-size-two\" style=\"--awb-margin-top:20px;--awb-margin-bottom:32px;\"><h2 class=\"title-heading-left\" style=\"margin:0;\">Josef Radinger &#8211; Owner of Radinger Betonwerksmaschinen GmbH, Klagenfurt, Austria<\/h2><\/div><div ><a class=\"fusion-button button-flat fusion-button-default-size button-default fusion-button-default button-1 fusion-button-span-yes fusion-button-default-type fusion-no-small-visibility fusion-no-medium-visibility\" style=\"--button_margin-bottom:40px;\" target=\"_blank\" rel=\"noopener noreferrer\" href=\"https:\/\/contec-ek.de\/inhalt\/wp-content\/uploads\/2025\/08\/Referenz-Radinger-08-2025.pdf\"><span class=\"fusion-button-text\">View<\/span><\/a><\/div><div class=\"fusion-title title fusion-title-5 fusion-sep-none fusion-title-text fusion-title-size-two\" style=\"--awb-margin-top:20px;--awb-margin-bottom:32px;\"><h2 class=\"title-heading-left\" style=\"margin:0;\">Tom\u00e1\u0161 B\u0159ezina &#8211; Founder and Managing Director of co. Best a.s., Czeck Republic<\/h2><\/div><div ><a class=\"fusion-button button-flat fusion-button-default-size button-default fusion-button-default button-2 fusion-button-span-yes fusion-button-default-type fusion-no-small-visibility fusion-no-medium-visibility\" target=\"_blank\" rel=\"noopener noreferrer\" href=\"https:\/\/contec-ek.de\/inhalt\/wp-content\/uploads\/2025\/08\/Ref.-Thomas-Brezina-Best-a.s.pdf\"><span class=\"fusion-button-text\">View<\/span><\/a><\/div><\/div><\/div><div class=\"fusion-layout-column fusion_builder_column fusion-builder-column-3 fusion_builder_column_1_2 1_2 fusion-flex-column fusion-no-small-visibility fusion-no-medium-visibility\" style=\"--awb-bg-size:cover;--awb-width-large:50%;--awb-margin-top-large:-210px;--awb-spacing-right-large:3.84%;--awb-margin-bottom-large:0px;--awb-spacing-left-large:3.84%;--awb-width-medium:100%;--awb-spacing-right-medium:1.92%;--awb-spacing-left-medium:1.92%;--awb-width-small:100%;--awb-spacing-right-small:1.92%;--awb-spacing-left-small:1.92%;\"><div class=\"fusion-column-wrapper fusion-flex-justify-content-flex-start fusion-content-layout-column\"><\/div><\/div><div class=\"fusion-layout-column fusion_builder_column fusion-builder-column-4 fusion_builder_column_1_1 1_1 fusion-flex-column fusion-no-large-visibility\" style=\"--awb-bg-size:cover;--awb-width-large:100%;--awb-margin-top-large:0px;--awb-spacing-right-large:1.92%;--awb-margin-bottom-large:0px;--awb-spacing-left-large:1.92%;--awb-width-medium:100%;--awb-spacing-right-medium:1.92%;--awb-spacing-left-medium:1.92%;--awb-width-small:100%;--awb-spacing-right-small:1.92%;--awb-spacing-left-small:1.92%;\"><div class=\"fusion-column-wrapper fusion-flex-justify-content-flex-start fusion-content-layout-column\"><\/div><\/div><div class=\"fusion-layout-column fusion_builder_column fusion-builder-column-5 fusion_builder_column_1_1 1_1 fusion-flex-column fusion-no-large-visibility\" style=\"--awb-bg-size:cover;--awb-width-large:100%;--awb-margin-top-large:0px;--awb-spacing-right-large:1.92%;--awb-margin-bottom-large:0px;--awb-spacing-left-large:1.92%;--awb-width-medium:100%;--awb-spacing-right-medium:1.92%;--awb-spacing-left-medium:1.92%;--awb-width-small:100%;--awb-spacing-right-small:1.92%;--awb-spacing-left-small:1.92%;\"><div class=\"fusion-column-wrapper fusion-flex-justify-content-flex-start fusion-content-layout-column\"><div class=\"fusion-image-element \" style=\"--awb-caption-title-size:var(--h2_typography-font-size);--awb-caption-title-transform:var(--h2_typography-text-transform);--awb-caption-title-line-height:var(--h2_typography-line-height);--awb-caption-title-letter-spacing:var(--h2_typography-letter-spacing);\"><span class=\" fusion-imageframe imageframe-none imageframe-2 hover-type-none\"><img decoding=\"async\" width=\"485\" height=\"571\" title=\"stefan-schramm\" src=\"http:\/\/contec-ek.de\/inhalt-en\/wp-content\/uploads\/2020\/06\/stefan-schramm.jpg\" alt class=\"img-responsive wp-image-592\" srcset=\"https:\/\/contec-ek.de\/inhalt-en\/wp-content\/uploads\/2020\/06\/stefan-schramm-200x235.jpg 200w, https:\/\/contec-ek.de\/inhalt-en\/wp-content\/uploads\/2020\/06\/stefan-schramm-400x471.jpg 400w, https:\/\/contec-ek.de\/inhalt-en\/wp-content\/uploads\/2020\/06\/stefan-schramm.jpg 485w\" sizes=\"(max-width: 1024px) 100vw, (max-width: 640px) 100vw, 485px\" \/><\/span><\/div><div class=\"fusion-text fusion-text-4\"><p style=\"text-align: center;\">Stefan Schramm<\/p>\n<\/div><\/div><\/div><div class=\"fusion-layout-column fusion_builder_column fusion-builder-column-6 fusion_builder_column_1_1 1_1 fusion-flex-column fusion-no-large-visibility\" style=\"--awb-bg-size:cover;--awb-width-large:100%;--awb-margin-top-large:50px;--awb-spacing-right-large:0.96%;--awb-margin-bottom-large:0px;--awb-spacing-left-large:1.92%;--awb-width-medium:100%;--awb-order-medium:0;--awb-spacing-right-medium:1.92%;--awb-spacing-left-medium:1.92%;--awb-width-small:100%;--awb-order-small:0;--awb-spacing-right-small:1.92%;--awb-spacing-left-small:1.92%;\"><div class=\"fusion-column-wrapper fusion-column-has-shadow fusion-flex-justify-content-flex-start fusion-content-layout-column\"><div class=\"fusion-title title fusion-title-6 fusion-sep-none fusion-title-text fusion-title-size-one\" style=\"--awb-text-color:#1c70b9;--awb-margin-top:50px;--awb-margin-bottom:20px;--awb-font-size:20px;\"><h1 class=\"title-heading-left\" style=\"margin:0;font-size:1em;\"><strong>References:<\/strong><\/h1><\/div><div class=\"fusion-title title fusion-title-7 fusion-sep-none fusion-title-text fusion-title-size-two\" style=\"--awb-margin-top:20px;--awb-margin-bottom:32px;\"><h2 class=\"title-heading-left\" style=\"margin:0;\">Josef Radinger &#8211; Owner of Radinger Betonwerksmaschinen GmbH, Klagenfurt, Austria<\/h2><\/div><div ><a class=\"fusion-button button-flat fusion-button-default-size button-default fusion-button-default button-3 fusion-button-span-yes fusion-button-default-type\" style=\"--button_margin-bottom:40px;\" target=\"_blank\" rel=\"noopener noreferrer\" href=\"https:\/\/contec-ek.de\/inhalt\/wp-content\/uploads\/2025\/08\/Referenz-Radinger-08-2025.pdf\"><span class=\"fusion-button-text\">View<\/span><\/a><\/div><div class=\"fusion-title title fusion-title-8 fusion-sep-none fusion-title-text fusion-title-size-two\" style=\"--awb-margin-top:20px;--awb-margin-bottom:32px;\"><h2 class=\"title-heading-left\" style=\"margin:0;\">Tom\u00e1\u0161 B\u0159ezina &#8211; Founder and Managing Director of co. Best a.s., Czeck Republic<\/h2><\/div><div ><a class=\"fusion-button button-flat fusion-button-default-size button-default fusion-button-default button-4 fusion-button-span-yes fusion-button-default-type\" target=\"_blank\" rel=\"noopener noreferrer\" href=\"https:\/\/contec-ek.de\/inhalt\/wp-content\/uploads\/2025\/08\/Ref.-Thomas-Brezina-Best-a.s.pdf\"><span class=\"fusion-button-text\">View<\/span><\/a><\/div><\/div><\/div><\/div><\/div>\n","protected":false},"excerpt":{"rendered":"","protected":false},"author":1,"featured_media":0,"parent":0,"menu_order":0,"comment_status":"closed","ping_status":"open","template":"100-width.php","meta":{"footnotes":""},"class_list":["post-121","page","type-page","status-publish","hentry"],"_links":{"self":[{"href":"https:\/\/contec-ek.de\/inhalt-en\/wp-json\/wp\/v2\/pages\/121","targetHints":{"allow":["GET"]}}],"collection":[{"href":"https:\/\/contec-ek.de\/inhalt-en\/wp-json\/wp\/v2\/pages"}],"about":[{"href":"https:\/\/contec-ek.de\/inhalt-en\/wp-json\/wp\/v2\/types\/page"}],"author":[{"embeddable":true,"href":"https:\/\/contec-ek.de\/inhalt-en\/wp-json\/wp\/v2\/users\/1"}],"replies":[{"embeddable":true,"href":"https:\/\/contec-ek.de\/inhalt-en\/wp-json\/wp\/v2\/comments?post=121"}],"version-history":[{"count":36,"href":"https:\/\/contec-ek.de\/inhalt-en\/wp-json\/wp\/v2\/pages\/121\/revisions"}],"predecessor-version":[{"id":635,"href":"https:\/\/contec-ek.de\/inhalt-en\/wp-json\/wp\/v2\/pages\/121\/revisions\/635"}],"wp:attachment":[{"href":"https:\/\/contec-ek.de\/inhalt-en\/wp-json\/wp\/v2\/media?parent=121"}],"curies":[{"name":"wp","href":"https:\/\/api.w.org\/{rel}","templated":true}]}}