{"id":115,"date":"2019-08-23T15:31:14","date_gmt":"2019-08-23T13:31:14","guid":{"rendered":"http:\/\/contec-ek.de\/inhalt\/?page_id=115"},"modified":"2023-02-07T08:46:51","modified_gmt":"2023-02-07T07:46:51","slug":"centrale-a-beton","status":"publish","type":"page","link":"https:\/\/contec-ek.de\/inhalt-fr\/centrale-a-beton\/","title":{"rendered":"CENTRALE A BETON"},"content":{"rendered":"<p><div class=\"fusion-fullwidth fullwidth-box fusion-builder-row-1 fusion-flex-container hundred-percent-fullwidth non-hundred-percent-height-scrolling\" style=\"--awb-border-radius-top-left:0px;--awb-border-radius-top-right:0px;--awb-border-radius-bottom-right:0px;--awb-border-radius-bottom-left:0px;--awb-padding-top:0px;--awb-padding-right:20px;--awb-padding-bottom:0px;--awb-padding-left:20px;--awb-margin-top:0px;--awb-margin-bottom:0px;\" ><div class=\"fusion-builder-row fusion-row fusion-flex-align-items-flex-start\" style=\"width:104% !important;max-width:104% !important;margin-left: calc(-4% \/ 2 );margin-right: calc(-4% \/ 2 );\"><div class=\"fusion-layout-column fusion_builder_column fusion-builder-column-0 fusion_builder_column_1_1 1_1 fusion-flex-column\" style=\"--awb-bg-size:cover;--awb-width-large:100%;--awb-margin-top-large:0px;--awb-spacing-right-large:1.92%;--awb-margin-bottom-large:20px;--awb-spacing-left-large:1.92%;--awb-width-medium:100%;--awb-spacing-right-medium:1.92%;--awb-spacing-left-medium:1.92%;--awb-width-small:100%;--awb-spacing-right-small:1.92%;--awb-spacing-left-small:1.92%;\"><div class=\"fusion-column-wrapper fusion-flex-justify-content-flex-start fusion-content-layout-column\"><div class=\"fusion-image-carousel fusion-image-carousel-auto fusion-image-carousel-1 lightbox-enabled\"><div class=\"awb-carousel awb-swiper awb-swiper-carousel\" data-autoplay=\"yes\" data-columns=\"4\" data-itemmargin=\"10\" data-itemwidth=\"180\" data-touchscroll=\"no\" data-imagesize=\"auto\" data-scrollitems=\"1\" style=\"--awb-columns:4;--awb-column-spacing:10px;\"><div class=\"swiper-wrapper fusion-flex-align-items-center\"><div class=\"swiper-slide\"><div class=\"fusion-carousel-item-wrapper\"><div class=\"fusion-image-wrapper hover-type-none\"><a data-rel=\"iLightbox[image_carousel_1]\" data-title=\"mischanlagen-1\" aria-label=\"mischanlagen-1\" href=\"http:\/\/contec-ek.de\/inhalt-fr\/wp-content\/uploads\/2023\/02\/mischanlagen-1.jpg\" target=\"_self\"><img decoding=\"async\" width=\"650\" height=\"488\" src=\"https:\/\/contec-ek.de\/inhalt-fr\/wp-content\/uploads\/2023\/02\/mischanlagen-1.jpg\" class=\"attachment-full size-full\" alt=\"\" srcset=\"https:\/\/contec-ek.de\/inhalt-fr\/wp-content\/uploads\/2023\/02\/mischanlagen-1-200x150.jpg 200w, https:\/\/contec-ek.de\/inhalt-fr\/wp-content\/uploads\/2023\/02\/mischanlagen-1-400x300.jpg 400w, https:\/\/contec-ek.de\/inhalt-fr\/wp-content\/uploads\/2023\/02\/mischanlagen-1-600x450.jpg 600w, https:\/\/contec-ek.de\/inhalt-fr\/wp-content\/uploads\/2023\/02\/mischanlagen-1.jpg 650w\" sizes=\"(min-width: 2200px) 100vw, (min-width: 784px) 393px, (min-width: 712px) 590px, (min-width: 640px) 712px, \" \/><\/a><\/div><\/div><\/div><div class=\"swiper-slide\"><div class=\"fusion-carousel-item-wrapper\"><div class=\"fusion-image-wrapper hover-type-none\"><a data-rel=\"iLightbox[image_carousel_1]\" data-title=\"mischanlagen-2\" aria-label=\"mischanlagen-2\" href=\"http:\/\/contec-ek.de\/inhalt-fr\/wp-content\/uploads\/2023\/02\/mischanlagen-2.jpg\" target=\"_self\"><img decoding=\"async\" width=\"650\" height=\"488\" src=\"https:\/\/contec-ek.de\/inhalt-fr\/wp-content\/uploads\/2023\/02\/mischanlagen-2.jpg\" class=\"attachment-full size-full\" alt=\"\" srcset=\"https:\/\/contec-ek.de\/inhalt-fr\/wp-content\/uploads\/2023\/02\/mischanlagen-2-200x150.jpg 200w, https:\/\/contec-ek.de\/inhalt-fr\/wp-content\/uploads\/2023\/02\/mischanlagen-2-400x300.jpg 400w, https:\/\/contec-ek.de\/inhalt-fr\/wp-content\/uploads\/2023\/02\/mischanlagen-2-600x450.jpg 600w, https:\/\/contec-ek.de\/inhalt-fr\/wp-content\/uploads\/2023\/02\/mischanlagen-2.jpg 650w\" sizes=\"(min-width: 2200px) 100vw, (min-width: 784px) 393px, (min-width: 712px) 590px, (min-width: 640px) 712px, \" \/><\/a><\/div><\/div><\/div><div class=\"swiper-slide\"><div class=\"fusion-carousel-item-wrapper\"><div class=\"fusion-image-wrapper hover-type-none\"><a data-rel=\"iLightbox[image_carousel_1]\" data-title=\"mischanlagen-3\" aria-label=\"mischanlagen-3\" href=\"http:\/\/contec-ek.de\/inhalt-fr\/wp-content\/uploads\/2023\/02\/mischanlagen-3.jpg\" target=\"_self\"><img decoding=\"async\" width=\"650\" height=\"488\" src=\"https:\/\/contec-ek.de\/inhalt-fr\/wp-content\/uploads\/2023\/02\/mischanlagen-3.jpg\" class=\"attachment-full size-full\" alt=\"\" srcset=\"https:\/\/contec-ek.de\/inhalt-fr\/wp-content\/uploads\/2023\/02\/mischanlagen-3-200x150.jpg 200w, https:\/\/contec-ek.de\/inhalt-fr\/wp-content\/uploads\/2023\/02\/mischanlagen-3-400x300.jpg 400w, https:\/\/contec-ek.de\/inhalt-fr\/wp-content\/uploads\/2023\/02\/mischanlagen-3-600x450.jpg 600w, https:\/\/contec-ek.de\/inhalt-fr\/wp-content\/uploads\/2023\/02\/mischanlagen-3.jpg 650w\" sizes=\"(min-width: 2200px) 100vw, (min-width: 784px) 393px, (min-width: 712px) 590px, (min-width: 640px) 712px, \" \/><\/a><\/div><\/div><\/div><\/div><\/div><\/div><\/div><\/div><\/div><\/div><div class=\"fusion-fullwidth fullwidth-box fusion-builder-row-2 fusion-flex-container nonhundred-percent-fullwidth non-hundred-percent-height-scrolling\" style=\"--awb-border-radius-top-left:0px;--awb-border-radius-top-right:0px;--awb-border-radius-bottom-right:0px;--awb-border-radius-bottom-left:0px;--awb-margin-top:0px;\" ><div class=\"fusion-builder-row fusion-row fusion-flex-align-items-flex-start\" style=\"max-width:1248px;margin-left: calc(-4% \/ 2 );margin-right: calc(-4% \/ 2 );\"><div class=\"fusion-layout-column fusion_builder_column fusion-builder-column-1 fusion_builder_column_1_1 1_1 fusion-flex-column\" style=\"--awb-bg-size:cover;--awb-width-large:100%;--awb-margin-top-large:0px;--awb-spacing-right-large:1.92%;--awb-margin-bottom-large:0px;--awb-spacing-left-large:1.92%;--awb-width-medium:100%;--awb-spacing-right-medium:1.92%;--awb-spacing-left-medium:1.92%;--awb-width-small:100%;--awb-spacing-right-small:1.92%;--awb-spacing-left-small:1.92%;\"><div class=\"fusion-column-wrapper fusion-flex-justify-content-flex-start fusion-content-layout-column\"><div class=\"fusion-title title fusion-title-1 fusion-sep-none fusion-title-text fusion-title-size-one\" style=\"--awb-text-color:#1c70b9;--awb-margin-bottom:0px;--awb-font-size:20px;\"><h1 class=\"title-heading-left\" style=\"margin:0;font-size:1em;\"><strong>Centrale a beton<\/strong><\/h1><\/div><\/div><\/div><\/div><\/div><div class=\"fusion-fullwidth fullwidth-box fusion-builder-row-3 fusion-flex-container nonhundred-percent-fullwidth non-hundred-percent-height-scrolling\" style=\"--awb-border-radius-top-left:0px;--awb-border-radius-top-right:0px;--awb-border-radius-bottom-right:0px;--awb-border-radius-bottom-left:0px;--awb-margin-top:20px;\" ><div class=\"fusion-builder-row fusion-row fusion-flex-align-items-flex-start\" style=\"max-width:1248px;margin-left: calc(-4% \/ 2 );margin-right: calc(-4% \/ 2 );\"><div class=\"fusion-layout-column fusion_builder_column fusion-builder-column-2 fusion_builder_column_1_1 1_1 fusion-flex-column\" style=\"--awb-bg-size:cover;--awb-width-large:100%;--awb-margin-top-large:0px;--awb-spacing-right-large:1.92%;--awb-margin-bottom-large:0px;--awb-spacing-left-large:1.92%;--awb-width-medium:100%;--awb-spacing-right-medium:1.92%;--awb-spacing-left-medium:1.92%;--awb-width-small:100%;--awb-spacing-right-small:1.92%;--awb-spacing-left-small:1.92%;\"><div class=\"fusion-column-wrapper fusion-flex-justify-content-flex-start fusion-content-layout-column\"><div class=\"fusion-text fusion-text-1\"><p><strong>Contec con\u00e7oit, construit et fournit des centrales \u00e0 b\u00e9ton compl\u00e8tes pour l&#8217;industrie des blocs de b\u00e9ton.<\/strong><\/p>\n<p>Obtenez un aper\u00e7u du fichier PDF d\u00e9pos\u00e9.<\/p>\n<p>Une particularit\u00e9 est notre centrale \u00e0 b\u00e9ton semi-mobile CONTEC Mini 15. La centrale \u00e0 b\u00e9ton Mini 15 est id\u00e9ale pour les petites entreprises de construction ou les entrepreneurs qui ont besoin de fournir du b\u00e9ton frais sur des chantiers de construction plus petits ou pour des productions de b\u00e9ton sp\u00e9ciales, comme le le beton a composition speciale.<\/p>\n<p>Les centrales \u00e0 b\u00e9ton Contec se caract\u00e9riser par leur qualit\u00e9, leur durabilit\u00e9 et leur fiabilit\u00e9.<br \/>\nLa centrale a beton semi-mobile Mini 15 peut \u00eatre mont\u00e9e sur camions ou sur une structure porteuse stationnaire.<br \/>\n<strong>Meilleure qualit\u00e9 au meilleur prix !<\/strong><\/p>\n<\/div><div class=\"fusion-separator fusion-full-width-sep\" style=\"align-self: center;margin-left: auto;margin-right: auto;width:100%;\"><div class=\"fusion-separator-border sep-single sep-solid\" style=\"--awb-height:20px;--awb-amount:20px;border-color:#e0dede;border-top-width:1px;\"><\/div><\/div><\/div><\/div><\/div><\/div><div class=\"fusion-fullwidth fullwidth-box fusion-builder-row-4 fusion-flex-container nonhundred-percent-fullwidth non-hundred-percent-height-scrolling\" style=\"--awb-border-radius-top-left:0px;--awb-border-radius-top-right:0px;--awb-border-radius-bottom-right:0px;--awb-border-radius-bottom-left:0px;--awb-margin-top:20px;\" ><div class=\"fusion-builder-row fusion-row fusion-flex-align-items-flex-start\" style=\"max-width:1248px;margin-left: calc(-4% \/ 2 );margin-right: calc(-4% \/ 2 );\"><div class=\"fusion-layout-column fusion_builder_column fusion-builder-column-3 fusion_builder_column_1_2 1_2 fusion-flex-column\" style=\"--awb-bg-size:cover;--awb-width-large:50%;--awb-margin-top-large:0px;--awb-spacing-right-large:3.84%;--awb-margin-bottom-large:0px;--awb-spacing-left-large:3.84%;--awb-width-medium:100%;--awb-spacing-right-medium:1.92%;--awb-spacing-left-medium:1.92%;--awb-width-small:100%;--awb-spacing-right-small:1.92%;--awb-spacing-left-small:1.92%;\"><div class=\"fusion-column-wrapper fusion-flex-justify-content-flex-start fusion-content-layout-column\"><div class=\"fusion-title title fusion-title-2 fusion-sep-none fusion-title-text fusion-title-size-three\" style=\"--awb-margin-bottom:10px;--awb-font-size:18px;\"><h3 class=\"title-heading-left\" style=\"margin:0;font-size:1em;\"><strong>Centrale \u00e0 b\u00e9ton CONTEC Mini 15<\/strong><\/h3><\/div><div class=\"fusion-text fusion-text-2\"><p>Malaxeur 500 litres \/ 300 litres d\u00e9bit de b\u00e9ton durci<br \/>\nCapacit\u00e9 5 -9 cbm\/h<br \/>\nEntra\u00eenement 11 kW<br \/>\nBras malaxeur 5<br \/>\nRacleur lat\u00e9ral 1<br \/>\nCapteurs de pesage 3<br \/>\nPr\u00e9cision de pes\u00e9e +\/- 1%.<br \/>\nSilos d&#8217;agr\u00e9gats 2 x 1.1 cbm<br \/>\nR\u00e9servoir d&#8217;eau 200 litres<br \/>\n2 pompes additifs<br \/>\nImprimantes<br \/>\nordinateur de dosage<br \/>\nPr\u00e9cision de dosage +\/- 1-2 %.<br \/>\nRecettes stockables 25<\/p>\n<p><strong>Raccord:<\/strong><br \/>\n3 x 400 Volt\/32A<br \/>\ny compris nettoyeur de haute pression<\/p>\n<p><strong>Dimensions :<\/strong><br \/>\nlargeur 2,15 m, hauteur 2,08 m, longueur 5,20 m<\/p>\n<p><strong>Poids :<\/strong><br \/>\n2,15 tonnes<\/p>\n<\/div><\/div><\/div><div class=\"fusion-layout-column fusion_builder_column fusion-builder-column-4 fusion_builder_column_1_4 1_4 fusion-flex-column\" style=\"--awb-bg-size:cover;--awb-width-large:25%;--awb-margin-top-large:0px;--awb-spacing-right-large:7.68%;--awb-margin-bottom-large:20px;--awb-spacing-left-large:7.68%;--awb-width-medium:100%;--awb-spacing-right-medium:1.92%;--awb-spacing-left-medium:1.92%;--awb-width-small:100%;--awb-spacing-right-small:1.92%;--awb-spacing-left-small:1.92%;\"><div class=\"fusion-column-wrapper fusion-flex-justify-content-flex-start fusion-content-layout-column\"><div class=\"fusion-title title fusion-title-3 fusion-sep-none fusion-title-text fusion-title-size-three\" style=\"--awb-margin-bottom:10px;--awb-font-size:18px;\"><h3 class=\"title-heading-left\" style=\"margin:0;font-size:1em;\"><strong>pdf &#8211; Download<\/strong><\/h3><\/div><div class=\"fusion-image-element \" style=\"--awb-caption-title-size:var(--h2_typography-font-size);--awb-caption-title-transform:var(--h2_typography-text-transform);--awb-caption-title-line-height:var(--h2_typography-line-height);--awb-caption-title-letter-spacing:var(--h2_typography-letter-spacing);\"><span class=\" fusion-imageframe imageframe-none imageframe-1 hover-type-none\"><a class=\"fusion-no-lightbox\" href=\"http:\/\/contec-ek.de\/inhalt\/wp-content\/uploads\/2019\/08\/Concrete-mixing-plants-broshure.pdf\" target=\"_blank\" rel=\"noopener noreferrer\"><img decoding=\"async\" width=\"427\" height=\"612\" src=\"http:\/\/contec-ek.de\/inhalt\/wp-content\/uploads\/2019\/08\/pdf1.jpg\" alt class=\"img-responsive wp-image-351\" srcset=\"https:\/\/contec-ek.de\/inhalt-fr\/wp-content\/uploads\/2019\/08\/pdf1-200x287.jpg 200w, https:\/\/contec-ek.de\/inhalt-fr\/wp-content\/uploads\/2019\/08\/pdf1-400x573.jpg 400w, https:\/\/contec-ek.de\/inhalt-fr\/wp-content\/uploads\/2019\/08\/pdf1.jpg 427w\" sizes=\"(max-width: 1024px) 100vw, (max-width: 640px) 100vw, 400px\" \/><\/a><\/span><\/div><div class=\"fusion-separator fusion-full-width-sep\" style=\"align-self: center;margin-left: auto;margin-right: auto;margin-bottom:10px;width:100%;\"><\/div><div ><a class=\"fusion-button button-flat button-large button-default fusion-button-default button-1 fusion-button-span-yes fusion-button-default-type\" target=\"_blank\" rel=\"noopener noreferrer\" href=\"http:\/\/contec-ek.de\/inhalt\/wp-content\/uploads\/2019\/08\/Concrete-mixing-plants-broshure.pdf\"><span class=\"fusion-button-text\">CLIQUEZ ICI<\/span><i class=\"fa-file-pdf fas button-icon-right\" aria-hidden=\"true\"><\/i><\/a><\/div><\/div><\/div><div class=\"fusion-layout-column fusion_builder_column fusion-builder-column-5 fusion_builder_column_1_4 1_4 fusion-flex-column\" style=\"--awb-bg-size:cover;--awb-width-large:25%;--awb-margin-top-large:0px;--awb-spacing-right-large:7.68%;--awb-margin-bottom-large:20px;--awb-spacing-left-large:7.68%;--awb-width-medium:100%;--awb-spacing-right-medium:1.92%;--awb-spacing-left-medium:1.92%;--awb-width-small:100%;--awb-spacing-right-small:1.92%;--awb-spacing-left-small:1.92%;\"><div class=\"fusion-column-wrapper fusion-flex-justify-content-flex-start fusion-content-layout-column\"><\/div><\/div><\/div><\/div><div class=\"fusion-fullwidth fullwidth-box fusion-builder-row-5 fusion-flex-container nonhundred-percent-fullwidth non-hundred-percent-height-scrolling\" style=\"--awb-border-radius-top-left:0px;--awb-border-radius-top-right:0px;--awb-border-radius-bottom-right:0px;--awb-border-radius-bottom-left:0px;--awb-margin-top:50px;\" ><div class=\"fusion-builder-row fusion-row fusion-flex-align-items-flex-start\" style=\"max-width:1248px;margin-left: calc(-4% \/ 2 );margin-right: calc(-4% \/ 2 );\"><div class=\"fusion-layout-column fusion_builder_column fusion-builder-column-6 fusion_builder_column_1_1 1_1 fusion-flex-column\" style=\"--awb-bg-size:cover;--awb-width-large:100%;--awb-margin-top-large:0px;--awb-spacing-right-large:1.92%;--awb-margin-bottom-large:0px;--awb-spacing-left-large:1.92%;--awb-width-medium:100%;--awb-spacing-right-medium:1.92%;--awb-spacing-left-medium:1.92%;--awb-width-small:100%;--awb-spacing-right-small:1.92%;--awb-spacing-left-small:1.92%;\"><div class=\"fusion-column-wrapper fusion-flex-justify-content-flex-start fusion-content-layout-column\"><style type='text\/css'>.reading-box-container-1 .element-bottomshadow:before,.reading-box-container-1 .element-bottomshadow:after{opacity:0.25;}<\/style><div class=\"fusion-reading-box-container reading-box-container-1\" style=\"--awb-title-color:#333333;--awb-margin-top:0px;--awb-margin-bottom:84px;\"><div class=\"reading-box element-bottomshadow\" style=\"background-color:#ffffff;border-width:1px;border-color:#d3d3d3;border-top-width:3px;border-top-color:var(--primary_color);border-style:solid;\"><a class=\"button fusion-button button-default fusion-button-default-size button-default-size button-flat fusion-desktop-button fusion-tagline-button continue fusion-desktop-button-margin continue-right\" style=\"-webkit-box-shadow:none;-moz-box-shadow:none;box-shadow:none;border-radius:2px 2px 2px 2px\" href=\".\/kontakt\/\" target=\"_self\"><span>Contactez-nous<\/span><\/a><h2>Vous avez des questions concernant notre offre?<\/h2><div class=\"reading-box-description fusion-reading-box-additional\">Nous nous ferons un plaisir de vous aider!\n<a href=\"mailto:schramm@contec-ek.de\" style=\"font-weight:bold;\">schramm@contec-ek.de<\/a><\/div><div class=\"fusion-clearfix\"><\/div><a class=\"button fusion-button button-default fusion-button-default-size button-default-size button-flat fusion-mobile-button continue-right\" style=\"-webkit-box-shadow:none;-moz-box-shadow:none;box-shadow:none;border-radius:2px 2px 2px 2px\" href=\".\/kontakt\/\" target=\"_self\"><span>Contactez-nous<\/span><\/a><\/div><\/div><\/div><\/div><\/div><\/div><\/p>\n","protected":false},"excerpt":{"rendered":"","protected":false},"author":1,"featured_media":0,"parent":0,"menu_order":0,"comment_status":"closed","ping_status":"closed","template":"100-width.php","meta":{"footnotes":""},"class_list":["post-115","page","type-page","status-publish","hentry"],"_links":{"self":[{"href":"https:\/\/contec-ek.de\/inhalt-fr\/wp-json\/wp\/v2\/pages\/115","targetHints":{"allow":["GET"]}}],"collection":[{"href":"https:\/\/contec-ek.de\/inhalt-fr\/wp-json\/wp\/v2\/pages"}],"about":[{"href":"https:\/\/contec-ek.de\/inhalt-fr\/wp-json\/wp\/v2\/types\/page"}],"author":[{"embeddable":true,"href":"https:\/\/contec-ek.de\/inhalt-fr\/wp-json\/wp\/v2\/users\/1"}],"replies":[{"embeddable":true,"href":"https:\/\/contec-ek.de\/inhalt-fr\/wp-json\/wp\/v2\/comments?post=115"}],"version-history":[{"count":38,"href":"https:\/\/contec-ek.de\/inhalt-fr\/wp-json\/wp\/v2\/pages\/115\/revisions"}],"predecessor-version":[{"id":696,"href":"https:\/\/contec-ek.de\/inhalt-fr\/wp-json\/wp\/v2\/pages\/115\/revisions\/696"}],"wp:attachment":[{"href":"https:\/\/contec-ek.de\/inhalt-fr\/wp-json\/wp\/v2\/media?parent=115"}],"curies":[{"name":"wp","href":"https:\/\/api.w.org\/{rel}","templated":true}]}}