{"id":127,"date":"2019-08-26T14:40:47","date_gmt":"2019-08-26T12:40:47","guid":{"rendered":"http:\/\/contec-ek.de\/inhalt\/?page_id=127"},"modified":"2023-02-07T08:42:57","modified_gmt":"2023-02-07T07:42:57","slug":"mobile-block-machines-egglayers-sp-4-5","status":"publish","type":"page","link":"https:\/\/contec-ek.de\/inhalt-fr\/mobile-block-machines-egglayers-sp-4-5\/","title":{"rendered":"SP 4\/5"},"content":{"rendered":"<p><div class=\"fusion-fullwidth fullwidth-box fusion-builder-row-1 fusion-flex-container hundred-percent-fullwidth non-hundred-percent-height-scrolling\" style=\"--awb-border-radius-top-left:0px;--awb-border-radius-top-right:0px;--awb-border-radius-bottom-right:0px;--awb-border-radius-bottom-left:0px;--awb-padding-top:0px;--awb-padding-right:20px;--awb-padding-bottom:0px;--awb-padding-left:20px;--awb-margin-top:0px;--awb-margin-bottom:0px;\" ><div class=\"fusion-builder-row fusion-row fusion-flex-align-items-flex-start\" style=\"width:104% !important;max-width:104% !important;margin-left: calc(-4% \/ 2 );margin-right: calc(-4% \/ 2 );\"><div class=\"fusion-layout-column fusion_builder_column fusion-builder-column-0 fusion_builder_column_1_1 1_1 fusion-flex-column\" style=\"--awb-bg-size:cover;--awb-width-large:100%;--awb-margin-top-large:0px;--awb-spacing-right-large:1.92%;--awb-margin-bottom-large:20px;--awb-spacing-left-large:1.92%;--awb-width-medium:100%;--awb-spacing-right-medium:1.92%;--awb-spacing-left-medium:1.92%;--awb-width-small:100%;--awb-spacing-right-small:1.92%;--awb-spacing-left-small:1.92%;\"><div class=\"fusion-column-wrapper fusion-flex-justify-content-flex-start fusion-content-layout-column\"><div class=\"fusion-image-carousel fusion-image-carousel-auto fusion-image-carousel-1 lightbox-enabled\"><div class=\"awb-carousel awb-swiper awb-swiper-carousel\" data-autoplay=\"yes\" data-columns=\"4\" data-itemmargin=\"10\" data-itemwidth=\"180\" data-touchscroll=\"no\" data-imagesize=\"auto\" data-scrollitems=\"1\" style=\"--awb-columns:4;--awb-column-spacing:10px;\"><div class=\"swiper-wrapper fusion-flex-align-items-center\"><div class=\"swiper-slide\"><div class=\"fusion-carousel-item-wrapper\"><div class=\"fusion-image-wrapper hover-type-none\"><a data-rel=\"iLightbox[image_carousel_1]\" data-title=\"sp45-1\" aria-label=\"sp45-1\" href=\"http:\/\/contec-ek.de\/inhalt-fr\/wp-content\/uploads\/2023\/02\/sp45-1.jpg\" target=\"_self\"><img decoding=\"async\" width=\"600\" height=\"450\" src=\"https:\/\/contec-ek.de\/inhalt-fr\/wp-content\/uploads\/2023\/02\/sp45-1.jpg\" class=\"attachment-full size-full\" alt=\"\" srcset=\"https:\/\/contec-ek.de\/inhalt-fr\/wp-content\/uploads\/2023\/02\/sp45-1-200x150.jpg 200w, https:\/\/contec-ek.de\/inhalt-fr\/wp-content\/uploads\/2023\/02\/sp45-1-400x300.jpg 400w, https:\/\/contec-ek.de\/inhalt-fr\/wp-content\/uploads\/2023\/02\/sp45-1.jpg 600w\" sizes=\"(min-width: 2200px) 100vw, (min-width: 856px) 293px, (min-width: 784px) 390px, (min-width: 712px) 585px, (min-width: 640px) 712px, \" \/><\/a><\/div><\/div><\/div><div class=\"swiper-slide\"><div class=\"fusion-carousel-item-wrapper\"><div class=\"fusion-image-wrapper hover-type-none\"><a data-rel=\"iLightbox[image_carousel_1]\" data-title=\"sp45-4\" aria-label=\"sp45-4\" href=\"http:\/\/contec-ek.de\/inhalt-fr\/wp-content\/uploads\/2023\/02\/sp45-4.jpg\" target=\"_self\"><img decoding=\"async\" width=\"600\" height=\"450\" src=\"https:\/\/contec-ek.de\/inhalt-fr\/wp-content\/uploads\/2023\/02\/sp45-4.jpg\" class=\"attachment-full size-full\" alt=\"\" srcset=\"https:\/\/contec-ek.de\/inhalt-fr\/wp-content\/uploads\/2023\/02\/sp45-4-200x150.jpg 200w, https:\/\/contec-ek.de\/inhalt-fr\/wp-content\/uploads\/2023\/02\/sp45-4-400x300.jpg 400w, https:\/\/contec-ek.de\/inhalt-fr\/wp-content\/uploads\/2023\/02\/sp45-4.jpg 600w\" sizes=\"(min-width: 2200px) 100vw, (min-width: 856px) 293px, (min-width: 784px) 390px, (min-width: 712px) 585px, (min-width: 640px) 712px, \" \/><\/a><\/div><\/div><\/div><div class=\"swiper-slide\"><div class=\"fusion-carousel-item-wrapper\"><div class=\"fusion-image-wrapper hover-type-none\"><a data-rel=\"iLightbox[image_carousel_1]\" data-title=\"sp45-2\" aria-label=\"sp45-2\" href=\"http:\/\/contec-ek.de\/inhalt-fr\/wp-content\/uploads\/2023\/02\/sp45-2.jpg\" target=\"_self\"><img decoding=\"async\" width=\"600\" height=\"450\" src=\"https:\/\/contec-ek.de\/inhalt-fr\/wp-content\/uploads\/2023\/02\/sp45-2.jpg\" class=\"attachment-full size-full\" alt=\"\" srcset=\"https:\/\/contec-ek.de\/inhalt-fr\/wp-content\/uploads\/2023\/02\/sp45-2-200x150.jpg 200w, https:\/\/contec-ek.de\/inhalt-fr\/wp-content\/uploads\/2023\/02\/sp45-2-400x300.jpg 400w, https:\/\/contec-ek.de\/inhalt-fr\/wp-content\/uploads\/2023\/02\/sp45-2.jpg 600w\" sizes=\"(min-width: 2200px) 100vw, (min-width: 856px) 293px, (min-width: 784px) 390px, (min-width: 712px) 585px, (min-width: 640px) 712px, \" \/><\/a><\/div><\/div><\/div><div class=\"swiper-slide\"><div class=\"fusion-carousel-item-wrapper\"><div class=\"fusion-image-wrapper hover-type-none\"><a data-rel=\"iLightbox[image_carousel_1]\" data-title=\"sp45-3\" aria-label=\"sp45-3\" href=\"http:\/\/contec-ek.de\/inhalt-fr\/wp-content\/uploads\/2023\/02\/sp45-3.jpg\" target=\"_self\"><img decoding=\"async\" width=\"600\" height=\"450\" src=\"https:\/\/contec-ek.de\/inhalt-fr\/wp-content\/uploads\/2023\/02\/sp45-3.jpg\" class=\"attachment-full size-full\" alt=\"\" srcset=\"https:\/\/contec-ek.de\/inhalt-fr\/wp-content\/uploads\/2023\/02\/sp45-3-200x150.jpg 200w, https:\/\/contec-ek.de\/inhalt-fr\/wp-content\/uploads\/2023\/02\/sp45-3-400x300.jpg 400w, https:\/\/contec-ek.de\/inhalt-fr\/wp-content\/uploads\/2023\/02\/sp45-3.jpg 600w\" sizes=\"(min-width: 2200px) 100vw, (min-width: 856px) 293px, (min-width: 784px) 390px, (min-width: 712px) 585px, (min-width: 640px) 712px, \" \/><\/a><\/div><\/div><\/div><div class=\"swiper-slide\"><div class=\"fusion-carousel-item-wrapper\"><div class=\"fusion-image-wrapper hover-type-none\"><a data-rel=\"iLightbox[image_carousel_1]\" data-title=\"sp45-5\" aria-label=\"sp45-5\" href=\"http:\/\/contec-ek.de\/inhalt-fr\/wp-content\/uploads\/2023\/02\/sp45-5.jpg\" target=\"_self\"><img decoding=\"async\" width=\"600\" height=\"450\" src=\"https:\/\/contec-ek.de\/inhalt-fr\/wp-content\/uploads\/2023\/02\/sp45-5.jpg\" class=\"attachment-full size-full\" alt=\"\" srcset=\"https:\/\/contec-ek.de\/inhalt-fr\/wp-content\/uploads\/2023\/02\/sp45-5-200x150.jpg 200w, https:\/\/contec-ek.de\/inhalt-fr\/wp-content\/uploads\/2023\/02\/sp45-5-400x300.jpg 400w, https:\/\/contec-ek.de\/inhalt-fr\/wp-content\/uploads\/2023\/02\/sp45-5.jpg 600w\" sizes=\"(min-width: 2200px) 100vw, (min-width: 856px) 293px, (min-width: 784px) 390px, (min-width: 712px) 585px, (min-width: 640px) 712px, \" \/><\/a><\/div><\/div><\/div><\/div><\/div><\/div><\/div><\/div><\/div><\/div><div class=\"fusion-fullwidth fullwidth-box fusion-builder-row-2 fusion-flex-container nonhundred-percent-fullwidth non-hundred-percent-height-scrolling\" style=\"--awb-border-radius-top-left:0px;--awb-border-radius-top-right:0px;--awb-border-radius-bottom-right:0px;--awb-border-radius-bottom-left:0px;--awb-margin-top:0px;\" ><div class=\"fusion-builder-row fusion-row fusion-flex-align-items-flex-start\" style=\"max-width:1248px;margin-left: calc(-4% \/ 2 );margin-right: calc(-4% \/ 2 );\"><div class=\"fusion-layout-column fusion_builder_column fusion-builder-column-1 fusion_builder_column_1_1 1_1 fusion-flex-column\" style=\"--awb-bg-size:cover;--awb-width-large:100%;--awb-margin-top-large:0px;--awb-spacing-right-large:1.92%;--awb-margin-bottom-large:0px;--awb-spacing-left-large:1.92%;--awb-width-medium:100%;--awb-spacing-right-medium:1.92%;--awb-spacing-left-medium:1.92%;--awb-width-small:100%;--awb-spacing-right-small:1.92%;--awb-spacing-left-small:1.92%;\"><div class=\"fusion-column-wrapper fusion-flex-justify-content-flex-start fusion-content-layout-column\"><div class=\"fusion-title title fusion-title-1 fusion-sep-none fusion-title-text fusion-title-size-one\" style=\"--awb-text-color:#1c70b9;--awb-margin-bottom:0px;--awb-font-size:20px;\"><h1 class=\"title-heading-left\" style=\"margin:0;font-size:1em;\"><strong>SP 4\/5<\/strong><\/h1><\/div><\/div><\/div><\/div><\/div><div class=\"fusion-fullwidth fullwidth-box fusion-builder-row-3 fusion-flex-container nonhundred-percent-fullwidth non-hundred-percent-height-scrolling\" style=\"--awb-border-radius-top-left:0px;--awb-border-radius-top-right:0px;--awb-border-radius-bottom-right:0px;--awb-border-radius-bottom-left:0px;--awb-margin-top:20px;\" ><div class=\"fusion-builder-row fusion-row fusion-flex-align-items-flex-start\" style=\"max-width:1248px;margin-left: calc(-4% \/ 2 );margin-right: calc(-4% \/ 2 );\"><div class=\"fusion-layout-column fusion_builder_column fusion-builder-column-2 fusion_builder_column_2_3 2_3 fusion-flex-column\" style=\"--awb-bg-size:cover;--awb-width-large:66.666666666667%;--awb-margin-top-large:0px;--awb-spacing-right-large:3.84%;--awb-margin-bottom-large:0px;--awb-spacing-left-large:2.88%;--awb-width-medium:100%;--awb-spacing-right-medium:1.92%;--awb-spacing-left-medium:1.92%;--awb-width-small:100%;--awb-spacing-right-small:1.92%;--awb-spacing-left-small:1.92%;\"><div class=\"fusion-column-wrapper fusion-flex-justify-content-flex-start fusion-content-layout-column\"><div class=\"fusion-text fusion-text-1\"><p>Les machines mobiles de production de blocs en beton SP 4 et SP 5 sont des machines simples, pas compliquer mais en m\u00eame temps tr\u00e8s robustes avec lesquelles le client peut s\u00b4ouvrir le monde de la production de blocs en beton \u00e0 un budget tr\u00e8s modeste.<\/p>\n<p>Les machines mobiles de production de blocs en beton SP 4 et SP 5 se pret \u00e0 la production des blocs, des pav\u00e9s, des blocs U, des mur souten\u00e8ment, des palissades, des bordures, etc.<\/p>\n<p>Les machines de cette s\u00e9rie de production sont fabriqu\u00e9es \u00e0 ses modules de construction \u00e9prouv\u00e9s. Dans le cadre en acier extr\u00eamement robuste, toutes les unit\u00e9s de travail sont facilement accessibles et faciles \u00e0 entretenir.<\/p>\n<p>Les SP-4, SP-5 sont \u00e9quip\u00e9s d&#8217;un moteur vibrant pour le compactage des \u00e9l\u00e9ments en b\u00e9ton ainsi que d&#8217;un double guidage de colonne de 70 mm diametre pour la moule et le pilon. La machine est boug\u00e9 manuellement et peut \u00eatre \u00e9quip\u00e9e en option d&#8217;un entra\u00eenement \u00e9lectrique. Les produits finis sont plac\u00e9s sur la zone de production.<\/p>\n<\/div><\/div><\/div><div class=\"fusion-layout-column fusion_builder_column fusion-builder-column-3 fusion_builder_column_1_3 1_3 fusion-flex-column\" style=\"--awb-bg-size:cover;--awb-width-large:33.333333333333%;--awb-margin-top-large:0px;--awb-spacing-right-large:5.76%;--awb-margin-bottom-large:20px;--awb-spacing-left-large:3.84%;--awb-width-medium:100%;--awb-spacing-right-medium:1.92%;--awb-spacing-left-medium:1.92%;--awb-width-small:100%;--awb-spacing-right-small:1.92%;--awb-spacing-left-small:1.92%;\"><div class=\"fusion-column-wrapper fusion-flex-justify-content-flex-start fusion-content-layout-column\"><\/div><\/div><\/div><\/div><div class=\"fusion-fullwidth fullwidth-box fusion-builder-row-4 fusion-flex-container nonhundred-percent-fullwidth non-hundred-percent-height-scrolling\" style=\"--awb-border-radius-top-left:0px;--awb-border-radius-top-right:0px;--awb-border-radius-bottom-right:0px;--awb-border-radius-bottom-left:0px;--awb-margin-top:20px;\" ><div class=\"fusion-builder-row fusion-row fusion-flex-align-items-flex-start\" style=\"max-width:1248px;margin-left: calc(-4% \/ 2 );margin-right: calc(-4% \/ 2 );\"><div class=\"fusion-layout-column fusion_builder_column fusion-builder-column-4 fusion_builder_column_1_1 1_1 fusion-flex-column\" style=\"--awb-bg-size:cover;--awb-width-large:100%;--awb-margin-top-large:0px;--awb-spacing-right-large:1.92%;--awb-margin-bottom-large:0px;--awb-spacing-left-large:1.92%;--awb-width-medium:100%;--awb-spacing-right-medium:1.92%;--awb-spacing-left-medium:1.92%;--awb-width-small:100%;--awb-spacing-right-small:1.92%;--awb-spacing-left-small:1.92%;\"><div class=\"fusion-column-wrapper fusion-flex-justify-content-flex-start fusion-content-layout-column\"><div class=\"fusion-text fusion-text-2\"><p><strong><u>Donn\u00e9es techniques:<\/u><\/strong><br \/>\nFonctionnement manuel, sauf la compression (vibrateur \u00e9lectrique)<br \/>\nHauteur max. du produit 300 mm<br \/>\nHauteur minimale du produit 100 mm<br \/>\nSurface de travail max. SP 4 800 x 500 mm<br \/>\nSurface de travail max. SP 5 1000 x 500 mm<br \/>\nPoids de la machine Environ: 500 kg<br \/>\nTension de service 3 x 400V, 50 Hz (ajustble selon les pays)<\/p>\n<p><strong>La capacit\u00e9 des machines par poste de travail de 8 heures est d&#8217;env :<\/strong><br \/>\n<strong>SP4<\/strong><br \/>\n2500 blocs creux dimensions 400 x 200 x 200 x 200 mm (bloc de 8 pouces)<br \/>\n3000 blocs creux dimensions 400 x 150 x 200 mm (bloc de 6 pouces)<br \/>\n<strong>SP 5<\/strong><br \/>\n3200 blocs creux dimensions 400 x 200 x 200 x 200 mm (bloc de 8 pouces)<br \/>\n4000 blocs creux dimensions 400 x 150 x 200 mm (bloc de 6 pouces)<\/p>\n<\/div><\/div><\/div><\/div><\/div><div class=\"fusion-fullwidth fullwidth-box fusion-builder-row-5 fusion-flex-container nonhundred-percent-fullwidth non-hundred-percent-height-scrolling\" style=\"--awb-border-radius-top-left:0px;--awb-border-radius-top-right:0px;--awb-border-radius-bottom-right:0px;--awb-border-radius-bottom-left:0px;--awb-margin-top:50px;\" ><div class=\"fusion-builder-row fusion-row fusion-flex-align-items-flex-start\" style=\"max-width:1248px;margin-left: calc(-4% \/ 2 );margin-right: calc(-4% \/ 2 );\"><div class=\"fusion-layout-column fusion_builder_column fusion-builder-column-5 fusion_builder_column_1_1 1_1 fusion-flex-column\" style=\"--awb-bg-size:cover;--awb-width-large:100%;--awb-margin-top-large:0px;--awb-spacing-right-large:1.92%;--awb-margin-bottom-large:0px;--awb-spacing-left-large:1.92%;--awb-width-medium:100%;--awb-spacing-right-medium:1.92%;--awb-spacing-left-medium:1.92%;--awb-width-small:100%;--awb-spacing-right-small:1.92%;--awb-spacing-left-small:1.92%;\"><div class=\"fusion-column-wrapper fusion-flex-justify-content-flex-start fusion-content-layout-column\"><style type='text\/css'>.reading-box-container-1 .element-bottomshadow:before,.reading-box-container-1 .element-bottomshadow:after{opacity:0.25;}<\/style><div class=\"fusion-reading-box-container reading-box-container-1\" style=\"--awb-title-color:#333333;--awb-margin-top:0px;--awb-margin-bottom:84px;\"><div class=\"reading-box element-bottomshadow\" style=\"background-color:#ffffff;border-width:1px;border-color:#d3d3d3;border-top-width:3px;border-top-color:var(--primary_color);border-style:solid;\"><a class=\"button fusion-button button-default fusion-button-default-size button-default-size button-flat fusion-desktop-button fusion-tagline-button continue fusion-desktop-button-margin continue-right\" style=\"-webkit-box-shadow:none;-moz-box-shadow:none;box-shadow:none;border-radius:2px 2px 2px 2px\" href=\".\/kontakt\/\" target=\"_self\"><span>Contactez-nous<\/span><\/a><h2>Vous avez des questions concernant notre offre?<\/h2><div class=\"reading-box-description fusion-reading-box-additional\">Nous nous ferons un plaisir de vous aider!\n<a href=\"mailto:schramm@contec-ek.de\" style=\"font-weight:bold;\">schramm@contec-ek.de<\/a><\/div><div class=\"fusion-clearfix\"><\/div><a class=\"button fusion-button button-default fusion-button-default-size button-default-size button-flat fusion-mobile-button continue-right\" style=\"-webkit-box-shadow:none;-moz-box-shadow:none;box-shadow:none;border-radius:2px 2px 2px 2px\" href=\".\/kontakt\/\" target=\"_self\"><span>Contactez-nous<\/span><\/a><\/div><\/div><\/div><\/div><\/div><\/div><\/p>\n","protected":false},"excerpt":{"rendered":"","protected":false},"author":1,"featured_media":0,"parent":0,"menu_order":0,"comment_status":"closed","ping_status":"open","template":"100-width.php","meta":{"footnotes":""},"class_list":["post-127","page","type-page","status-publish","hentry"],"_links":{"self":[{"href":"https:\/\/contec-ek.de\/inhalt-fr\/wp-json\/wp\/v2\/pages\/127","targetHints":{"allow":["GET"]}}],"collection":[{"href":"https:\/\/contec-ek.de\/inhalt-fr\/wp-json\/wp\/v2\/pages"}],"about":[{"href":"https:\/\/contec-ek.de\/inhalt-fr\/wp-json\/wp\/v2\/types\/page"}],"author":[{"embeddable":true,"href":"https:\/\/contec-ek.de\/inhalt-fr\/wp-json\/wp\/v2\/users\/1"}],"replies":[{"embeddable":true,"href":"https:\/\/contec-ek.de\/inhalt-fr\/wp-json\/wp\/v2\/comments?post=127"}],"version-history":[{"count":40,"href":"https:\/\/contec-ek.de\/inhalt-fr\/wp-json\/wp\/v2\/pages\/127\/revisions"}],"predecessor-version":[{"id":692,"href":"https:\/\/contec-ek.de\/inhalt-fr\/wp-json\/wp\/v2\/pages\/127\/revisions\/692"}],"wp:attachment":[{"href":"https:\/\/contec-ek.de\/inhalt-fr\/wp-json\/wp\/v2\/media?parent=127"}],"curies":[{"name":"wp","href":"https:\/\/api.w.org\/{rel}","templated":true}]}}