{"id":131,"date":"2019-08-26T14:43:54","date_gmt":"2019-08-26T12:43:54","guid":{"rendered":"http:\/\/contec-ek.de\/inhalt\/?page_id=131"},"modified":"2020-06-16T09:38:37","modified_gmt":"2020-06-16T07:38:37","slug":"superblock-6-sb-6-and-superblock-12-sb-12","status":"publish","type":"page","link":"https:\/\/contec-ek.de\/inhalt-fr\/superblock-6-sb-6-and-superblock-12-sb-12\/","title":{"rendered":"SB 6 &#038; SB 12"},"content":{"rendered":"<p><div class=\"fusion-fullwidth fullwidth-box fusion-builder-row-1 fusion-flex-container hundred-percent-fullwidth non-hundred-percent-height-scrolling\" style=\"--awb-border-radius-top-left:0px;--awb-border-radius-top-right:0px;--awb-border-radius-bottom-right:0px;--awb-border-radius-bottom-left:0px;--awb-padding-top:0px;--awb-padding-right:20px;--awb-padding-bottom:0px;--awb-padding-left:20px;--awb-margin-top:0px;--awb-margin-bottom:0px;\" ><div class=\"fusion-builder-row fusion-row fusion-flex-align-items-flex-start\" style=\"width:calc( 100% + 0px ) !important;max-width:calc( 100% + 0px ) !important;margin-left: calc(-0px \/ 2 );margin-right: calc(-0px \/ 2 );\"><div class=\"fusion-layout-column fusion_builder_column fusion-builder-column-0 fusion_builder_column_1_1 1_1 fusion-flex-column\" style=\"--awb-bg-size:cover;--awb-width-large:100%;--awb-margin-top-large:0px;--awb-spacing-right-large:0px;--awb-margin-bottom-large:20px;--awb-spacing-left-large:0px;--awb-width-medium:100%;--awb-spacing-right-medium:0px;--awb-spacing-left-medium:0px;--awb-width-small:100%;--awb-spacing-right-small:0px;--awb-spacing-left-small:0px;\"><div class=\"fusion-column-wrapper fusion-flex-justify-content-flex-start fusion-content-layout-column\"><div class=\"fusion-image-carousel fusion-image-carousel-auto fusion-image-carousel-1 lightbox-enabled\"><div class=\"awb-carousel awb-swiper awb-swiper-carousel\" data-autoplay=\"yes\" data-columns=\"4\" data-itemmargin=\"10\" data-itemwidth=\"180\" data-touchscroll=\"no\" data-imagesize=\"auto\" data-scrollitems=\"1\" style=\"--awb-columns:4;--awb-column-spacing:10px;\"><div class=\"swiper-wrapper fusion-flex-align-items-center\"><div class=\"swiper-slide\"><div class=\"fusion-carousel-item-wrapper\"><div class=\"fusion-image-wrapper hover-type-none\"><a data-rel=\"iLightbox[image_carousel_1]\" href=\"http:\/\/contec-ek.de\/inhalt\/wp-content\/uploads\/2019\/08\/2012-06-20-10.14.21.jpg\" target=\"_self\"><img decoding=\"async\" width=\"1600\" height=\"1200\" src=\"https:\/\/contec-ek.de\/inhalt-fr\/wp-content\/uploads\/2019\/08\/2012-06-20-10.14.21.jpg\" class=\"attachment-full size-full\" alt=\"\" srcset=\"https:\/\/contec-ek.de\/inhalt-fr\/wp-content\/uploads\/2019\/08\/2012-06-20-10.14.21-200x150.jpg 200w, https:\/\/contec-ek.de\/inhalt-fr\/wp-content\/uploads\/2019\/08\/2012-06-20-10.14.21-400x300.jpg 400w, https:\/\/contec-ek.de\/inhalt-fr\/wp-content\/uploads\/2019\/08\/2012-06-20-10.14.21-600x450.jpg 600w, https:\/\/contec-ek.de\/inhalt-fr\/wp-content\/uploads\/2019\/08\/2012-06-20-10.14.21-800x600.jpg 800w, https:\/\/contec-ek.de\/inhalt-fr\/wp-content\/uploads\/2019\/08\/2012-06-20-10.14.21-1200x900.jpg 1200w, https:\/\/contec-ek.de\/inhalt-fr\/wp-content\/uploads\/2019\/08\/2012-06-20-10.14.21.jpg 1600w\" sizes=\"(min-width: 2200px) 100vw, (min-width: 784px) 393px, (min-width: 712px) 590px, (min-width: 640px) 712px, \" \/><\/a><\/div><\/div><\/div><div class=\"swiper-slide\"><div class=\"fusion-carousel-item-wrapper\"><div class=\"fusion-image-wrapper hover-type-none\"><a data-rel=\"iLightbox[image_carousel_1]\" href=\"http:\/\/contec-ek.de\/inhalt\/wp-content\/uploads\/2019\/08\/IMG_3214.jpg\" target=\"_self\"><img decoding=\"async\" width=\"2592\" height=\"1944\" src=\"https:\/\/contec-ek.de\/inhalt-fr\/wp-content\/uploads\/2019\/08\/IMG_3214.jpg\" class=\"attachment-full size-full\" alt=\"\" srcset=\"https:\/\/contec-ek.de\/inhalt-fr\/wp-content\/uploads\/2019\/08\/IMG_3214-200x150.jpg 200w, https:\/\/contec-ek.de\/inhalt-fr\/wp-content\/uploads\/2019\/08\/IMG_3214-400x300.jpg 400w, https:\/\/contec-ek.de\/inhalt-fr\/wp-content\/uploads\/2019\/08\/IMG_3214-600x450.jpg 600w, https:\/\/contec-ek.de\/inhalt-fr\/wp-content\/uploads\/2019\/08\/IMG_3214-800x600.jpg 800w, https:\/\/contec-ek.de\/inhalt-fr\/wp-content\/uploads\/2019\/08\/IMG_3214-1200x900.jpg 1200w, https:\/\/contec-ek.de\/inhalt-fr\/wp-content\/uploads\/2019\/08\/IMG_3214.jpg 2592w\" sizes=\"(min-width: 2200px) 100vw, (min-width: 784px) 393px, (min-width: 712px) 590px, (min-width: 640px) 712px, \" \/><\/a><\/div><\/div><\/div><div class=\"swiper-slide\"><div class=\"fusion-carousel-item-wrapper\"><div class=\"fusion-image-wrapper hover-type-none\"><a data-rel=\"iLightbox[image_carousel_1]\" href=\"http:\/\/contec-ek.de\/inhalt\/wp-content\/uploads\/2019\/08\/IMG_0680.jpg\" target=\"_self\"><img decoding=\"async\" width=\"1024\" height=\"768\" src=\"https:\/\/contec-ek.de\/inhalt-fr\/wp-content\/uploads\/2019\/08\/IMG_0680.jpg\" class=\"attachment-full size-full\" alt=\"\" srcset=\"https:\/\/contec-ek.de\/inhalt-fr\/wp-content\/uploads\/2019\/08\/IMG_0680-200x150.jpg 200w, https:\/\/contec-ek.de\/inhalt-fr\/wp-content\/uploads\/2019\/08\/IMG_0680-400x300.jpg 400w, https:\/\/contec-ek.de\/inhalt-fr\/wp-content\/uploads\/2019\/08\/IMG_0680-600x450.jpg 600w, https:\/\/contec-ek.de\/inhalt-fr\/wp-content\/uploads\/2019\/08\/IMG_0680-800x600.jpg 800w, https:\/\/contec-ek.de\/inhalt-fr\/wp-content\/uploads\/2019\/08\/IMG_0680.jpg 1024w\" sizes=\"(min-width: 2200px) 100vw, (min-width: 784px) 393px, (min-width: 712px) 590px, (min-width: 640px) 712px, \" \/><\/a><\/div><\/div><\/div><\/div><\/div><\/div><\/div><\/div><\/div><\/div><div class=\"fusion-fullwidth fullwidth-box fusion-builder-row-2 fusion-flex-container nonhundred-percent-fullwidth non-hundred-percent-height-scrolling\" style=\"--awb-border-radius-top-left:0px;--awb-border-radius-top-right:0px;--awb-border-radius-bottom-right:0px;--awb-border-radius-bottom-left:0px;--awb-margin-top:50px;\" ><div class=\"fusion-builder-row fusion-row fusion-flex-align-items-flex-start\" style=\"max-width:calc( 1200px + 0px );margin-left: calc(-0px \/ 2 );margin-right: calc(-0px \/ 2 );\"><div class=\"fusion-layout-column fusion_builder_column fusion-builder-column-1 fusion_builder_column_1_1 1_1 fusion-flex-column\" style=\"--awb-bg-size:cover;--awb-width-large:100%;--awb-margin-top-large:0px;--awb-spacing-right-large:0px;--awb-margin-bottom-large:0px;--awb-spacing-left-large:0px;--awb-width-medium:100%;--awb-spacing-right-medium:0px;--awb-spacing-left-medium:0px;--awb-width-small:100%;--awb-spacing-right-small:0px;--awb-spacing-left-small:0px;\"><div class=\"fusion-column-wrapper fusion-flex-justify-content-flex-start fusion-content-layout-column\"><div class=\"fusion-title title fusion-title-1 fusion-sep-none fusion-title-text fusion-title-size-one\" style=\"--awb-text-color:#1c70b9;--awb-margin-bottom:0px;--awb-font-size:20px;\"><h1 class=\"title-heading-left\" style=\"margin:0;font-size:1em;\"><strong>SB 6 &amp; SB 12<\/strong><\/h1><\/div><\/div><\/div><\/div><\/div><div class=\"fusion-fullwidth fullwidth-box fusion-builder-row-3 fusion-flex-container nonhundred-percent-fullwidth non-hundred-percent-height-scrolling\" style=\"--awb-border-radius-top-left:0px;--awb-border-radius-top-right:0px;--awb-border-radius-bottom-right:0px;--awb-border-radius-bottom-left:0px;--awb-margin-top:20px;\" ><div class=\"fusion-builder-row fusion-row fusion-flex-align-items-flex-start\" style=\"max-width:1248px;margin-left: calc(-4% \/ 2 );margin-right: calc(-4% \/ 2 );\"><div class=\"fusion-layout-column fusion_builder_column fusion-builder-column-2 fusion_builder_column_2_3 2_3 fusion-flex-column\" style=\"--awb-bg-size:cover;--awb-width-large:66.666666666667%;--awb-margin-top-large:0px;--awb-spacing-right-large:3.84%;--awb-margin-bottom-large:0px;--awb-spacing-left-large:2.88%;--awb-width-medium:100%;--awb-spacing-right-medium:1.92%;--awb-spacing-left-medium:1.92%;--awb-width-small:100%;--awb-spacing-right-small:1.92%;--awb-spacing-left-small:1.92%;\"><div class=\"fusion-column-wrapper fusion-flex-justify-content-flex-start fusion-content-layout-column\"><div class=\"fusion-text fusion-text-1\"><p>Contec Superblock 6 (SB 6) et Superblock 12 (SB 12) pour la production de blocs, des pav\u00e9s, des mur souten\u00e8ment, des palissades et des bordures etc. Les machines de cette s\u00e9rie sont fabriqu\u00e9es \u00e0 partir d&#8217;assemblages \u00e9prouv\u00e9s.<\/p>\n<p>Dans le cadre en acier extr\u00eamement robuste et peu vibrant, toutes les unit\u00e9s sont facilement accessibles et faciles \u00e0 entretenir. Toutes les op\u00e9rations sont \u00e0 commande hydraulique. La version de base est semi-automatique. La version enti\u00e8rement automatique est disponible \u00e9galement.<\/p>\n<p><strong><u>Donn\u00e9es techniques:<\/u><\/strong><\/p>\n<p>Deplacable librement<br \/>\nLargeur de travail 1290 mm<br \/>\nProfondeur de travail, production en sol 1000 mm<br \/>\nProfondeur de travail, production en table vibrante 800 mm<br \/>\nHauteur max. du produit 330 mm<br \/>\nHauteur minimale du produit, production en sol 175 mm<br \/>\nHauteur minimale du produit, production en table vibrante 60 mm<br \/>\n4 vibreur attache a la moule de 1,5 KW; 4x10KN<br \/>\n2 vibreur pilon de 1,5 KW; 2x10KN<br \/>\nDimensions sans dispositif de beton en face 3,2 x 2,4 x 2,6 m<br \/>\nSurface de travail max. 1250 x 950 mm<\/p>\n<p><strong><u>Options:<\/u><\/strong><\/p>\n<p>&#8211; Table vibrante int\u00e9gr\u00e9e (seulement pour la production de paves et de bordures)<br \/>\n&#8211; Dispositif de beton en face<br \/>\n&#8211; Dispositif d&#8217;insertion d&#8217;\u00e9l\u00e9ments en polystyr\u00e8ne pour la fabrication de blocs isolants<br \/>\n&#8211; Version automatique avec Siemens SPS<br \/>\n&#8211; Alimentation de b\u00e9ton avec benne a vidage hydraulique pour les chariots a fourche<\/p>\n<\/div><\/div><\/div><div class=\"fusion-layout-column fusion_builder_column fusion-builder-column-3 fusion_builder_column_1_3 1_3 fusion-flex-column\" style=\"--awb-bg-size:cover;--awb-width-large:33.333333333333%;--awb-margin-top-large:0px;--awb-spacing-right-large:5.76%;--awb-margin-bottom-large:20px;--awb-spacing-left-large:3.8399999999999%;--awb-width-medium:100%;--awb-spacing-right-medium:1.92%;--awb-spacing-left-medium:1.92%;--awb-width-small:100%;--awb-spacing-right-small:1.92%;--awb-spacing-left-small:1.92%;\"><div class=\"fusion-column-wrapper fusion-flex-justify-content-flex-start fusion-content-layout-column\"><\/div><\/div><\/div><\/div><div class=\"fusion-fullwidth fullwidth-box fusion-builder-row-4 fusion-flex-container nonhundred-percent-fullwidth non-hundred-percent-height-scrolling\" style=\"--awb-border-radius-top-left:0px;--awb-border-radius-top-right:0px;--awb-border-radius-bottom-right:0px;--awb-border-radius-bottom-left:0px;--awb-margin-top:0px;--awb-margin-bottom:40px;\" ><div class=\"fusion-builder-row fusion-row fusion-flex-align-items-flex-start\" style=\"max-width:1248px;margin-left: calc(-4% \/ 2 );margin-right: calc(-4% \/ 2 );\"><div class=\"fusion-layout-column fusion_builder_column fusion-builder-column-4 fusion_builder_column_1_1 1_1 fusion-flex-column\" style=\"--awb-bg-size:cover;--awb-width-large:100%;--awb-margin-top-large:0px;--awb-spacing-right-large:1.92%;--awb-margin-bottom-large:40px;--awb-spacing-left-large:1.92%;--awb-width-medium:100%;--awb-spacing-right-medium:1.92%;--awb-spacing-left-medium:1.92%;--awb-width-small:100%;--awb-spacing-right-small:1.92%;--awb-spacing-left-small:1.92%;\"><div class=\"fusion-column-wrapper fusion-flex-justify-content-flex-start fusion-content-layout-column\"><div class=\"fusion-separator fusion-full-width-sep\" style=\"align-self: center;margin-left: auto;margin-right: auto;margin-top:0px;margin-bottom:20px;width:100%;\"><div class=\"fusion-separator-border sep-single sep-solid\" style=\"--awb-height:20px;--awb-amount:20px;border-color:#e0dede;border-top-width:1px;\"><\/div><\/div><div class=\"fusion-text fusion-text-2\"><p><strong>La capacit\u00e9 des machines par poste de travail de 8 heures est d&#8217;env :<\/strong><\/p>\n<p><strong>SB6<\/strong><br \/>\n7500 blocs creux dimensions 400 x 200 x 200 mm<br \/>\n9500 blocs creux dimensions 400 x 150 x 200 mm<br \/>\nou 150 m\u00b2 des paves<\/p>\n<p><strong>SB 12<\/strong><br \/>\n12000 blocs creux dimensions 400 x 200 x 200 mm<br \/>\n15000 blocs creux dimensions 400 x 150 x 200 mm<br \/>\nou 300 m\u00b2 des paves<\/p>\n<\/div><\/div><\/div><div class=\"fusion-layout-column fusion_builder_column fusion-builder-column-5 fusion_builder_column_1_5 1_5 fusion-flex-column\" style=\"--awb-bg-size:cover;--awb-width-large:20%;--awb-margin-top-large:0px;--awb-spacing-right-large:3.84%;--awb-margin-bottom-large:20px;--awb-spacing-left-large:9.6%;--awb-width-medium:100%;--awb-spacing-right-medium:1.92%;--awb-spacing-left-medium:1.92%;--awb-width-small:100%;--awb-spacing-right-small:1.92%;--awb-spacing-left-small:1.92%;\"><div class=\"fusion-column-wrapper fusion-flex-justify-content-flex-start fusion-content-layout-column\"><div class=\"fusion-title title fusion-title-2 fusion-sep-none fusion-title-text fusion-title-size-three\" style=\"--awb-margin-bottom:10px;--awb-font-size:18px;\"><h3 class=\"title-heading-left\" style=\"margin:0;font-size:1em;\">Superblock 12 &amp; Superblock 6 &#8211; pdf<\/h3><\/div><div class=\"fusion-image-element \" style=\"--awb-caption-title-size:var(--h2_typography-font-size);--awb-caption-title-transform:var(--h2_typography-text-transform);--awb-caption-title-line-height:var(--h2_typography-line-height);--awb-caption-title-letter-spacing:var(--h2_typography-letter-spacing);\"><span class=\" fusion-imageframe imageframe-none imageframe-1 hover-type-none\"><img decoding=\"async\" width=\"432\" height=\"629\" src=\"http:\/\/contec-ek.de\/inhalt\/wp-content\/uploads\/2019\/09\/s12-s6.jpg\" alt class=\"img-responsive wp-image-502\" srcset=\"https:\/\/contec-ek.de\/inhalt-fr\/wp-content\/uploads\/2019\/09\/s12-s6-200x291.jpg 200w, https:\/\/contec-ek.de\/inhalt-fr\/wp-content\/uploads\/2019\/09\/s12-s6-400x582.jpg 400w, https:\/\/contec-ek.de\/inhalt-fr\/wp-content\/uploads\/2019\/09\/s12-s6.jpg 432w\" sizes=\"(max-width: 1024px) 100vw, (max-width: 640px) 100vw, 400px\" \/><\/span><\/div><div class=\"fusion-separator fusion-full-width-sep\" style=\"align-self: center;margin-left: auto;margin-right: auto;margin-bottom:10px;width:100%;\"><\/div><div ><a class=\"fusion-button button-flat button-large button-default fusion-button-default button-1 fusion-button-span-yes fusion-button-default-type\" style=\"--button-border-radius-top-left:0px;--button-border-radius-top-right:0px;--button-border-radius-bottom-right:0px;--button-border-radius-bottom-left:0px;\" target=\"_blank\" rel=\"noopener noreferrer\" href=\"http:\/\/contec-ek.de\/inhalt\/wp-content\/uploads\/2019\/09\/Superblock-12-and-6-brochure.pdf\"><span class=\"fusion-button-text\">Cliquez ici <\/span><i class=\"fa-file-pdf fas button-icon-right\" aria-hidden=\"true\"><\/i><\/a><\/div><\/div><\/div><\/div><\/div><div class=\"fusion-fullwidth fullwidth-box fusion-builder-row-5 fusion-flex-container nonhundred-percent-fullwidth non-hundred-percent-height-scrolling\" style=\"--awb-border-radius-top-left:0px;--awb-border-radius-top-right:0px;--awb-border-radius-bottom-right:0px;--awb-border-radius-bottom-left:0px;--awb-margin-top:50px;\" ><div class=\"fusion-builder-row fusion-row fusion-flex-align-items-flex-start\" style=\"max-width:calc( 1200px + 0px );margin-left: calc(-0px \/ 2 );margin-right: calc(-0px \/ 2 );\"><div class=\"fusion-layout-column fusion_builder_column fusion-builder-column-6 fusion_builder_column_1_1 1_1 fusion-flex-column\" style=\"--awb-bg-size:cover;--awb-width-large:100%;--awb-margin-top-large:0px;--awb-spacing-right-large:0px;--awb-margin-bottom-large:0px;--awb-spacing-left-large:0px;--awb-width-medium:100%;--awb-spacing-right-medium:0px;--awb-spacing-left-medium:0px;--awb-width-small:100%;--awb-spacing-right-small:0px;--awb-spacing-left-small:0px;\"><div class=\"fusion-column-wrapper fusion-flex-justify-content-flex-start fusion-content-layout-column\"><style type='text\/css'>.reading-box-container-1 .element-bottomshadow:before,.reading-box-container-1 .element-bottomshadow:after{opacity:0.25;}<\/style><div class=\"fusion-reading-box-container reading-box-container-1\" style=\"--awb-title-color:#333333;--awb-margin-top:0px;--awb-margin-bottom:84px;\"><div class=\"reading-box element-bottomshadow\" style=\"background-color:#ffffff;border-width:1px;border-color:#d3d3d3;border-top-width:3px;border-top-color:var(--primary_color);border-style:solid;\"><a class=\"button fusion-button button-default fusion-button-default-size button-default-size button-flat fusion-desktop-button fusion-tagline-button continue fusion-desktop-button-margin continue-right\" style=\"-webkit-box-shadow:none;-moz-box-shadow:none;box-shadow:none;border-radius:0px 0px 0px 0px\" href=\".\/kontakt\/\" target=\"_self\"><span>Contactez-nous<\/span><\/a><h2>Vous avez des questions concernant notre offre?<\/h2><div class=\"reading-box-description fusion-reading-box-additional\">Nous nous ferons un plaisir de vous aider!\n<a href=\"mailto:schramm@contec-ek.de\" style=\"font-weight:bold;\">schramm@contec-ek.de<\/a><\/div><div class=\"fusion-clearfix\"><\/div><a class=\"button fusion-button button-default fusion-button-default-size button-default-size button-flat fusion-mobile-button continue-right\" style=\"-webkit-box-shadow:none;-moz-box-shadow:none;box-shadow:none;border-radius:0px 0px 0px 0px\" href=\".\/kontakt\/\" target=\"_self\"><span>Contactez-nous<\/span><\/a><\/div><\/div><\/div><\/div><\/div><\/div><\/p>\n","protected":false},"excerpt":{"rendered":"","protected":false},"author":1,"featured_media":0,"parent":0,"menu_order":0,"comment_status":"closed","ping_status":"open","template":"100-width.php","meta":{"footnotes":""},"class_list":["post-131","page","type-page","status-publish","hentry"],"_links":{"self":[{"href":"https:\/\/contec-ek.de\/inhalt-fr\/wp-json\/wp\/v2\/pages\/131","targetHints":{"allow":["GET"]}}],"collection":[{"href":"https:\/\/contec-ek.de\/inhalt-fr\/wp-json\/wp\/v2\/pages"}],"about":[{"href":"https:\/\/contec-ek.de\/inhalt-fr\/wp-json\/wp\/v2\/types\/page"}],"author":[{"embeddable":true,"href":"https:\/\/contec-ek.de\/inhalt-fr\/wp-json\/wp\/v2\/users\/1"}],"replies":[{"embeddable":true,"href":"https:\/\/contec-ek.de\/inhalt-fr\/wp-json\/wp\/v2\/comments?post=131"}],"version-history":[{"count":31,"href":"https:\/\/contec-ek.de\/inhalt-fr\/wp-json\/wp\/v2\/pages\/131\/revisions"}],"predecessor-version":[{"id":658,"href":"https:\/\/contec-ek.de\/inhalt-fr\/wp-json\/wp\/v2\/pages\/131\/revisions\/658"}],"wp:attachment":[{"href":"https:\/\/contec-ek.de\/inhalt-fr\/wp-json\/wp\/v2\/media?parent=131"}],"curies":[{"name":"wp","href":"https:\/\/api.w.org\/{rel}","templated":true}]}}