{"id":134,"date":"2019-08-26T14:45:18","date_gmt":"2019-08-26T12:45:18","guid":{"rendered":"http:\/\/contec-ek.de\/inhalt\/?page_id=134"},"modified":"2020-06-15T12:56:57","modified_gmt":"2020-06-15T10:56:57","slug":"eco-300-400","status":"publish","type":"page","link":"https:\/\/contec-ek.de\/inhalt-fr\/eco-300-400\/","title":{"rendered":"ECO 400\/300"},"content":{"rendered":"<p><div class=\"fusion-fullwidth fullwidth-box fusion-builder-row-1 fusion-flex-container hundred-percent-fullwidth non-hundred-percent-height-scrolling\" style=\"--awb-border-radius-top-left:0px;--awb-border-radius-top-right:0px;--awb-border-radius-bottom-right:0px;--awb-border-radius-bottom-left:0px;--awb-padding-top:0px;--awb-padding-right:20px;--awb-padding-bottom:0px;--awb-padding-left:20px;--awb-margin-top:0px;--awb-margin-bottom:0px;\" ><div class=\"fusion-builder-row fusion-row fusion-flex-align-items-flex-start\" style=\"width:calc( 100% + 0px ) !important;max-width:calc( 100% + 0px ) !important;margin-left: calc(-0px \/ 2 );margin-right: calc(-0px \/ 2 );\"><div class=\"fusion-layout-column fusion_builder_column fusion-builder-column-0 fusion_builder_column_1_1 1_1 fusion-flex-column\" style=\"--awb-bg-size:cover;--awb-width-large:100%;--awb-margin-top-large:0px;--awb-spacing-right-large:0px;--awb-margin-bottom-large:20px;--awb-spacing-left-large:0px;--awb-width-medium:100%;--awb-spacing-right-medium:0px;--awb-spacing-left-medium:0px;--awb-width-small:100%;--awb-spacing-right-small:0px;--awb-spacing-left-small:0px;\"><div class=\"fusion-column-wrapper fusion-flex-justify-content-flex-start fusion-content-layout-column\"><div class=\"fusion-image-carousel fusion-image-carousel-auto fusion-image-carousel-1 lightbox-enabled\"><div class=\"awb-carousel awb-swiper awb-swiper-carousel\" data-autoplay=\"yes\" data-columns=\"3\" data-itemmargin=\"10\" data-itemwidth=\"180\" data-touchscroll=\"no\" data-imagesize=\"auto\" data-scrollitems=\"1\" style=\"--awb-columns:3;--awb-column-spacing:10px;\"><div class=\"swiper-wrapper fusion-flex-align-items-center\"><div class=\"swiper-slide\"><div class=\"fusion-carousel-item-wrapper\"><div class=\"fusion-image-wrapper hover-type-none\"><a data-rel=\"iLightbox[image_carousel_1]\" data-title=\"schnitt-DSC02597\" aria-label=\"schnitt-DSC02597\" href=\"http:\/\/contec-ek.de\/inhalt\/wp-content\/uploads\/2019\/08\/schnitt-DSC02597.jpg\" target=\"_self\"><img decoding=\"async\" width=\"450\" height=\"338\" src=\"https:\/\/contec-ek.de\/inhalt-fr\/wp-content\/uploads\/2019\/08\/schnitt-DSC02597.jpg\" class=\"attachment-full size-full\" alt=\"\" srcset=\"https:\/\/contec-ek.de\/inhalt-fr\/wp-content\/uploads\/2019\/08\/schnitt-DSC02597-200x150.jpg 200w, https:\/\/contec-ek.de\/inhalt-fr\/wp-content\/uploads\/2019\/08\/schnitt-DSC02597-400x300.jpg 400w, https:\/\/contec-ek.de\/inhalt-fr\/wp-content\/uploads\/2019\/08\/schnitt-DSC02597.jpg 450w\" sizes=\"(min-width: 2200px) 100vw, (min-width: 784px) 393px, (min-width: 712px) 590px, (min-width: 640px) 712px, \" \/><\/a><\/div><\/div><\/div><div class=\"swiper-slide\"><div class=\"fusion-carousel-item-wrapper\"><div class=\"fusion-image-wrapper hover-type-none\"><a data-rel=\"iLightbox[image_carousel_1]\" href=\"http:\/\/contec-ek.de\/inhalt\/wp-content\/uploads\/2019\/08\/schnitt-DSC02594-1.jpg\" target=\"_self\"><img decoding=\"async\" width=\"450\" height=\"338\" src=\"https:\/\/contec-ek.de\/inhalt-fr\/wp-content\/uploads\/2019\/08\/schnitt-DSC02594-1.jpg\" class=\"attachment-full size-full\" alt=\"\" srcset=\"https:\/\/contec-ek.de\/inhalt-fr\/wp-content\/uploads\/2019\/08\/schnitt-DSC02594-1-200x150.jpg 200w, https:\/\/contec-ek.de\/inhalt-fr\/wp-content\/uploads\/2019\/08\/schnitt-DSC02594-1-400x300.jpg 400w, https:\/\/contec-ek.de\/inhalt-fr\/wp-content\/uploads\/2019\/08\/schnitt-DSC02594-1.jpg 450w\" sizes=\"(min-width: 2200px) 100vw, (min-width: 784px) 393px, (min-width: 712px) 590px, (min-width: 640px) 712px, \" \/><\/a><\/div><\/div><\/div><div class=\"swiper-slide\"><div class=\"fusion-carousel-item-wrapper\"><div class=\"fusion-image-wrapper hover-type-none\"><a data-rel=\"iLightbox[image_carousel_1]\" href=\"http:\/\/contec-ek.de\/inhalt\/wp-content\/uploads\/2019\/08\/schnitt-3.jpg\" target=\"_self\"><img decoding=\"async\" width=\"450\" height=\"338\" src=\"https:\/\/contec-ek.de\/inhalt-fr\/wp-content\/uploads\/2019\/08\/schnitt-3.jpg\" class=\"attachment-full size-full\" alt=\"\" srcset=\"https:\/\/contec-ek.de\/inhalt-fr\/wp-content\/uploads\/2019\/08\/schnitt-3-200x150.jpg 200w, https:\/\/contec-ek.de\/inhalt-fr\/wp-content\/uploads\/2019\/08\/schnitt-3-400x300.jpg 400w, https:\/\/contec-ek.de\/inhalt-fr\/wp-content\/uploads\/2019\/08\/schnitt-3.jpg 450w\" sizes=\"(min-width: 2200px) 100vw, (min-width: 784px) 393px, (min-width: 712px) 590px, (min-width: 640px) 712px, \" \/><\/a><\/div><\/div><\/div><\/div><\/div><\/div><\/div><\/div><\/div><\/div><div class=\"fusion-fullwidth fullwidth-box fusion-builder-row-2 fusion-flex-container nonhundred-percent-fullwidth non-hundred-percent-height-scrolling\" style=\"--awb-border-radius-top-left:0px;--awb-border-radius-top-right:0px;--awb-border-radius-bottom-right:0px;--awb-border-radius-bottom-left:0px;--awb-margin-top:0px;\" ><div class=\"fusion-builder-row fusion-row fusion-flex-align-items-flex-start\" style=\"max-width:calc( 1200px + 0px );margin-left: calc(-0px \/ 2 );margin-right: calc(-0px \/ 2 );\"><div class=\"fusion-layout-column fusion_builder_column fusion-builder-column-1 fusion_builder_column_1_1 1_1 fusion-flex-column\" style=\"--awb-bg-size:cover;--awb-width-large:100%;--awb-margin-top-large:0px;--awb-spacing-right-large:0px;--awb-margin-bottom-large:0px;--awb-spacing-left-large:0px;--awb-width-medium:100%;--awb-spacing-right-medium:0px;--awb-spacing-left-medium:0px;--awb-width-small:100%;--awb-spacing-right-small:0px;--awb-spacing-left-small:0px;\"><div class=\"fusion-column-wrapper fusion-flex-justify-content-flex-start fusion-content-layout-column\"><div class=\"fusion-title title fusion-title-1 fusion-sep-none fusion-title-text fusion-title-size-one\" style=\"--awb-text-color:#1c70b9;--awb-margin-bottom:0px;--awb-font-size:20px;\"><h1 class=\"title-heading-left\" style=\"margin:0;font-size:1em;\"><strong>ECO 400\/300<\/strong><\/h1><\/div><\/div><\/div><\/div><\/div><div class=\"fusion-fullwidth fullwidth-box fusion-builder-row-3 fusion-flex-container nonhundred-percent-fullwidth non-hundred-percent-height-scrolling\" style=\"--awb-border-radius-top-left:0px;--awb-border-radius-top-right:0px;--awb-border-radius-bottom-right:0px;--awb-border-radius-bottom-left:0px;--awb-margin-top:20px;\" ><div class=\"fusion-builder-row fusion-row fusion-flex-align-items-flex-start\" style=\"max-width:1248px;margin-left: calc(-4% \/ 2 );margin-right: calc(-4% \/ 2 );\"><div class=\"fusion-layout-column fusion_builder_column fusion-builder-column-2 fusion_builder_column_1_1 1_1 fusion-flex-column\" style=\"--awb-bg-size:cover;--awb-width-large:100%;--awb-margin-top-large:0px;--awb-spacing-right-large:1.92%;--awb-margin-bottom-large:0px;--awb-spacing-left-large:1.92%;--awb-width-medium:100%;--awb-spacing-right-medium:1.92%;--awb-spacing-left-medium:1.92%;--awb-width-small:100%;--awb-spacing-right-small:1.92%;--awb-spacing-left-small:1.92%;\"><div class=\"fusion-column-wrapper fusion-flex-justify-content-flex-start fusion-content-layout-column\"><div class=\"fusion-text fusion-text-1\"><p>Outre les machines mobiles (pondeuses), Contec construit et fournit \u00e9galement des machines et installations stationnaires de production de blocs en beton. Les machines et installations stationnaires permettent une plus grande universalit\u00e9 du produit avec un meilleur contr\u00f4le de qualit\u00e9 que les machines mobiles (pondeuses).<\/p>\n<p>Les ECO 300 et 400 permettent d&#8217;entrer dans le domaine des machines et installations stationnaires de production de blocs en beton.<\/p>\n<p><strong>Les installations permettent des capacite jusqu&#8217;\u00e0 400 m\u00b2 respectivement 500 m\u00b2 de pav\u00e9s par \u00e9quipe de 8 heures.<\/strong><br \/>\n<strong>Vous trouverez un aper\u00e7u des diff\u00e9rentes variantes sur les fichiers PDF d\u00e9pos\u00e9s.<\/strong><\/p>\n<\/div><div class=\"fusion-separator fusion-full-width-sep\" style=\"align-self: center;margin-left: auto;margin-right: auto;margin-bottom:20px;width:100%;\"><div class=\"fusion-separator-border sep-single sep-solid\" style=\"--awb-height:20px;--awb-amount:20px;border-color:#e0dede;border-top-width:1px;\"><\/div><\/div><\/div><\/div><div class=\"fusion-layout-column fusion_builder_column fusion-builder-column-3 fusion_builder_column_1_5 1_5 fusion-flex-column\" style=\"--awb-bg-size:cover;--awb-width-large:20%;--awb-margin-top-large:0px;--awb-spacing-right-large:3.84%;--awb-margin-bottom-large:20px;--awb-spacing-left-large:9.6%;--awb-width-medium:100%;--awb-spacing-right-medium:1.92%;--awb-spacing-left-medium:1.92%;--awb-width-small:100%;--awb-spacing-right-small:1.92%;--awb-spacing-left-small:1.92%;\"><div class=\"fusion-column-wrapper fusion-flex-justify-content-flex-start fusion-content-layout-column\"><div class=\"fusion-title title fusion-title-2 fusion-sep-none fusion-title-text fusion-title-size-three\" style=\"--awb-margin-bottom:10px;--awb-font-size:18px;\"><h3 class=\"title-heading-left\" style=\"margin:0;font-size:1em;\">ECO 400 &amp; 300 &#8211; pdf<\/h3><\/div><div class=\"fusion-image-element \" style=\"--awb-caption-title-size:var(--h2_typography-font-size);--awb-caption-title-transform:var(--h2_typography-text-transform);--awb-caption-title-line-height:var(--h2_typography-line-height);--awb-caption-title-letter-spacing:var(--h2_typography-letter-spacing);\"><span class=\" fusion-imageframe imageframe-none imageframe-1 hover-type-none\"><img decoding=\"async\" width=\"439\" height=\"634\" src=\"http:\/\/contec-ek.de\/inhalt\/wp-content\/uploads\/2019\/08\/thumb-eco-300.jpg\" alt class=\"img-responsive wp-image-308\" srcset=\"https:\/\/contec-ek.de\/inhalt-fr\/wp-content\/uploads\/2019\/08\/thumb-eco-300-200x289.jpg 200w, https:\/\/contec-ek.de\/inhalt-fr\/wp-content\/uploads\/2019\/08\/thumb-eco-300-400x578.jpg 400w, https:\/\/contec-ek.de\/inhalt-fr\/wp-content\/uploads\/2019\/08\/thumb-eco-300.jpg 439w\" sizes=\"(max-width: 1024px) 100vw, (max-width: 640px) 100vw, 400px\" \/><\/span><\/div><div class=\"fusion-separator fusion-full-width-sep\" style=\"align-self: center;margin-left: auto;margin-right: auto;margin-bottom:10px;width:100%;\"><\/div><div ><a class=\"fusion-button button-flat button-large button-default fusion-button-default button-1 fusion-button-span-yes fusion-button-default-type\" style=\"--button-border-radius-top-left:0px;--button-border-radius-top-right:0px;--button-border-radius-bottom-right:0px;--button-border-radius-bottom-left:0px;\" target=\"_blank\" rel=\"noopener noreferrer\" href=\"http:\/\/contec-ek.de\/inhalt\/wp-content\/uploads\/2019\/08\/ECO-300-400-brochure.pdf\"><span class=\"fusion-button-text\">CLIQUEZ ICI <\/span><i class=\"fa-file-pdf fas button-icon-right\" aria-hidden=\"true\"><\/i><\/a><\/div><\/div><\/div><\/div><\/div><div class=\"fusion-fullwidth fullwidth-box fusion-builder-row-4 fusion-flex-container nonhundred-percent-fullwidth non-hundred-percent-height-scrolling\" style=\"--awb-border-radius-top-left:0px;--awb-border-radius-top-right:0px;--awb-border-radius-bottom-right:0px;--awb-border-radius-bottom-left:0px;--awb-margin-top:50px;\" ><div class=\"fusion-builder-row fusion-row fusion-flex-align-items-flex-start\" style=\"max-width:calc( 1200px + 0px );margin-left: calc(-0px \/ 2 );margin-right: calc(-0px \/ 2 );\"><div class=\"fusion-layout-column fusion_builder_column fusion-builder-column-4 fusion_builder_column_1_1 1_1 fusion-flex-column\" style=\"--awb-bg-size:cover;--awb-width-large:100%;--awb-margin-top-large:0px;--awb-spacing-right-large:0px;--awb-margin-bottom-large:0px;--awb-spacing-left-large:0px;--awb-width-medium:100%;--awb-spacing-right-medium:0px;--awb-spacing-left-medium:0px;--awb-width-small:100%;--awb-spacing-right-small:0px;--awb-spacing-left-small:0px;\"><div class=\"fusion-column-wrapper fusion-flex-justify-content-flex-start fusion-content-layout-column\"><style type='text\/css'>.reading-box-container-1 .element-bottomshadow:before,.reading-box-container-1 .element-bottomshadow:after{opacity:0.25;}<\/style><div class=\"fusion-reading-box-container reading-box-container-1\" style=\"--awb-title-color:#333333;--awb-margin-top:0px;--awb-margin-bottom:84px;\"><div class=\"reading-box element-bottomshadow\" style=\"background-color:#ffffff;border-width:1px;border-color:#d3d3d3;border-top-width:3px;border-top-color:var(--primary_color);border-style:solid;\"><a class=\"button fusion-button button-default fusion-button-default-size button-default-size button-flat fusion-desktop-button fusion-tagline-button continue fusion-desktop-button-margin continue-right\" style=\"-webkit-box-shadow:none;-moz-box-shadow:none;box-shadow:none;border-radius:0px 0px 0px 0px\" href=\".\/kontakt\/\" target=\"_self\"><span>Contactez-nous<\/span><\/a><h2>Vous avez des questions concernant notre offre?<\/h2><div class=\"reading-box-description fusion-reading-box-additional\">Nous nous ferons un plaisir de vous aider!\n<a href=\"mailto:schramm@contec-ek.de\" style=\"font-weight:bold;\">schramm@contec-ek.de<\/a><\/div><div class=\"fusion-clearfix\"><\/div><a class=\"button fusion-button button-default fusion-button-default-size button-default-size button-flat fusion-mobile-button continue-right\" style=\"-webkit-box-shadow:none;-moz-box-shadow:none;box-shadow:none;border-radius:0px 0px 0px 0px\" href=\".\/kontakt\/\" target=\"_self\"><span>Contactez-nous<\/span><\/a><\/div><\/div><\/div><\/div><\/div><\/div><\/p>\n","protected":false},"excerpt":{"rendered":"","protected":false},"author":1,"featured_media":0,"parent":0,"menu_order":0,"comment_status":"closed","ping_status":"open","template":"100-width.php","meta":{"footnotes":""},"class_list":["post-134","page","type-page","status-publish","hentry"],"_links":{"self":[{"href":"https:\/\/contec-ek.de\/inhalt-fr\/wp-json\/wp\/v2\/pages\/134","targetHints":{"allow":["GET"]}}],"collection":[{"href":"https:\/\/contec-ek.de\/inhalt-fr\/wp-json\/wp\/v2\/pages"}],"about":[{"href":"https:\/\/contec-ek.de\/inhalt-fr\/wp-json\/wp\/v2\/types\/page"}],"author":[{"embeddable":true,"href":"https:\/\/contec-ek.de\/inhalt-fr\/wp-json\/wp\/v2\/users\/1"}],"replies":[{"embeddable":true,"href":"https:\/\/contec-ek.de\/inhalt-fr\/wp-json\/wp\/v2\/comments?post=134"}],"version-history":[{"count":41,"href":"https:\/\/contec-ek.de\/inhalt-fr\/wp-json\/wp\/v2\/pages\/134\/revisions"}],"predecessor-version":[{"id":649,"href":"https:\/\/contec-ek.de\/inhalt-fr\/wp-json\/wp\/v2\/pages\/134\/revisions\/649"}],"wp:attachment":[{"href":"https:\/\/contec-ek.de\/inhalt-fr\/wp-json\/wp\/v2\/media?parent=134"}],"curies":[{"name":"wp","href":"https:\/\/api.w.org\/{rel}","templated":true}]}}