{"id":144,"date":"2019-08-26T14:53:08","date_gmt":"2019-08-26T12:53:08","guid":{"rendered":"http:\/\/contec-ek.de\/inhalt\/?page_id=144"},"modified":"2020-06-15T12:40:36","modified_gmt":"2020-06-15T10:40:36","slug":"publications","status":"publish","type":"page","link":"https:\/\/contec-ek.de\/inhalt-fr\/publications\/","title":{"rendered":"PUBLICATIONS"},"content":{"rendered":"<p><div class=\"fusion-fullwidth fullwidth-box fusion-builder-row-1 fusion-flex-container nonhundred-percent-fullwidth non-hundred-percent-height-scrolling\" style=\"--awb-border-radius-top-left:0px;--awb-border-radius-top-right:0px;--awb-border-radius-bottom-right:0px;--awb-border-radius-bottom-left:0px;--awb-margin-top:50px;\" ><div class=\"fusion-builder-row fusion-row fusion-flex-align-items-flex-start\" style=\"max-width:calc( 1200px + 0px );margin-left: calc(-0px \/ 2 );margin-right: calc(-0px \/ 2 );\"><div class=\"fusion-layout-column fusion_builder_column fusion-builder-column-0 fusion_builder_column_1_1 1_1 fusion-flex-column\" style=\"--awb-bg-size:cover;--awb-width-large:100%;--awb-margin-top-large:0px;--awb-spacing-right-large:0px;--awb-margin-bottom-large:0px;--awb-spacing-left-large:0px;--awb-width-medium:100%;--awb-spacing-right-medium:0px;--awb-spacing-left-medium:0px;--awb-width-small:100%;--awb-spacing-right-small:0px;--awb-spacing-left-small:0px;\"><div class=\"fusion-column-wrapper fusion-flex-justify-content-flex-start fusion-content-layout-column\"><div class=\"fusion-title title fusion-title-1 fusion-sep-none fusion-title-text fusion-title-size-one\"><h1 class=\"title-heading-left\" style=\"margin:0;\">PUBLICATIONS<\/h1><\/div><\/div><\/div><\/div><\/div><div class=\"fusion-fullwidth fullwidth-box fusion-builder-row-2 fusion-flex-container nonhundred-percent-fullwidth non-hundred-percent-height-scrolling\" style=\"--awb-border-radius-top-left:0px;--awb-border-radius-top-right:0px;--awb-border-radius-bottom-right:0px;--awb-border-radius-bottom-left:0px;\" ><div class=\"fusion-builder-row fusion-row fusion-flex-align-items-flex-start\" style=\"max-width:1248px;margin-left: calc(-4% \/ 2 );margin-right: calc(-4% \/ 2 );\"><div class=\"fusion-layout-column fusion_builder_column fusion-builder-column-1 fusion_builder_column_1_3 1_3 fusion-flex-column\" style=\"--awb-bg-size:cover;--awb-width-large:33.333333333333%;--awb-margin-top-large:0px;--awb-spacing-right-large:5.76%;--awb-margin-bottom-large:20px;--awb-spacing-left-large:5.76%;--awb-width-medium:100%;--awb-spacing-right-medium:1.92%;--awb-spacing-left-medium:1.92%;--awb-width-small:100%;--awb-spacing-right-small:1.92%;--awb-spacing-left-small:1.92%;\"><div class=\"fusion-column-wrapper fusion-flex-justify-content-flex-start fusion-content-layout-column\"><div class=\"fusion-title title fusion-title-2 fusion-sep-none fusion-title-text fusion-title-size-three\" style=\"--awb-margin-bottom:10px;--awb-font-size:18px;\"><h3 class=\"title-heading-left\" style=\"margin:0;font-size:1em;\">Bonyan modernis\u00e9 l\u00b4usine<br \/>\nde blocs \u00e9n b\u00e9ton en Koweit<\/h3><\/div><div class=\"fusion-title title fusion-title-3 fusion-sep-none fusion-title-text fusion-title-size-three\" style=\"--awb-font-size:15px;\"><h3 class=\"title-heading-left\" style=\"margin:0;font-size:1em;\">BFT-Edition internationale novembre 2018<\/h3><\/div><div ><a class=\"fusion-button button-flat button-large button-default fusion-button-default button-1 fusion-button-span-yes fusion-button-default-type\" style=\"--button-border-radius-top-left:0px;--button-border-radius-top-right:0px;--button-border-radius-bottom-right:0px;--button-border-radius-bottom-left:0px;\" target=\"_blank\" rel=\"noopener noreferrer\" href=\"http:\/\/contec-ek.de\/inhalt\/wp-content\/uploads\/2019\/08\/BFT11-18_Contec-Bonyan_Final.pdf\"><span class=\"fusion-button-text\">Cliquez ici<\/span><i class=\"fa-file-pdf fas button-icon-right\" aria-hidden=\"true\"><\/i><\/a><\/div><\/div><\/div><div class=\"fusion-layout-column fusion_builder_column fusion-builder-column-2 fusion_builder_column_1_3 1_3 fusion-flex-column\" style=\"--awb-bg-size:cover;--awb-width-large:33.333333333333%;--awb-margin-top-large:0px;--awb-spacing-right-large:5.76%;--awb-margin-bottom-large:20px;--awb-spacing-left-large:5.76%;--awb-width-medium:100%;--awb-spacing-right-medium:1.92%;--awb-spacing-left-medium:1.92%;--awb-width-small:100%;--awb-spacing-right-small:1.92%;--awb-spacing-left-small:1.92%;\"><div class=\"fusion-column-wrapper fusion-flex-justify-content-flex-start fusion-content-layout-column\"><div class=\"fusion-title title fusion-title-4 fusion-sep-none fusion-title-text fusion-title-size-three\" style=\"--awb-margin-bottom:10px;--awb-font-size:18px;\"><h3 class=\"title-heading-left\" style=\"margin:0;font-size:1em;\">Bonyan en Koweit augmente<br \/>\nla production des blocs en beton<\/h3><\/div><div class=\"fusion-title title fusion-title-5 fusion-sep-none fusion-title-text fusion-title-size-three\" style=\"--awb-font-size:15px;\"><h3 class=\"title-heading-left\" style=\"margin:0;font-size:1em;\">BWI\/CPI- Edition internationale juin 2013<\/h3><\/div><div ><a class=\"fusion-button button-flat button-large button-default fusion-button-default button-2 fusion-button-span-yes fusion-button-default-type\" style=\"--button-border-radius-top-left:0px;--button-border-radius-top-right:0px;--button-border-radius-bottom-right:0px;--button-border-radius-bottom-left:0px;\" target=\"_blank\" rel=\"noopener noreferrer\" href=\"http:\/\/contec-ek.de\/inhalt\/wp-content\/uploads\/2019\/08\/CPI-Bonyan.pdf\"><span class=\"fusion-button-text\">Cliquez ici<\/span><i class=\"fa-file-pdf fas button-icon-right\" aria-hidden=\"true\"><\/i><\/a><\/div><\/div><\/div><div class=\"fusion-layout-column fusion_builder_column fusion-builder-column-3 fusion_builder_column_1_3 1_3 fusion-flex-column\" style=\"--awb-bg-size:cover;--awb-width-large:33.333333333333%;--awb-margin-top-large:0px;--awb-spacing-right-large:5.76%;--awb-margin-bottom-large:20px;--awb-spacing-left-large:5.76%;--awb-width-medium:100%;--awb-spacing-right-medium:1.92%;--awb-spacing-left-medium:1.92%;--awb-width-small:100%;--awb-spacing-right-small:1.92%;--awb-spacing-left-small:1.92%;\"><div class=\"fusion-column-wrapper fusion-flex-justify-content-flex-start fusion-content-layout-column\"><div class=\"fusion-title title fusion-title-6 fusion-sep-none fusion-title-text fusion-title-size-three\" style=\"--awb-margin-bottom:10px;--awb-font-size:18px;\"><h3 class=\"title-heading-left\" style=\"margin:0;font-size:1em;\">Installations en blocs<br \/>\nde b\u00e9ton en Koweit<\/h3><\/div><div class=\"fusion-title title fusion-title-7 fusion-sep-none fusion-title-text fusion-title-size-three\" style=\"--awb-font-size:15px;\"><h3 class=\"title-heading-left\" style=\"margin:0;font-size:1em;\">BFT-Edition internationale mars 2013<\/h3><\/div><div ><a class=\"fusion-button button-flat button-large button-default fusion-button-default button-3 fusion-button-span-yes fusion-button-default-type\" style=\"--button-border-radius-top-left:0px;--button-border-radius-top-right:0px;--button-border-radius-bottom-right:0px;--button-border-radius-bottom-left:0px;\" target=\"_blank\" rel=\"noopener noreferrer\" href=\"http:\/\/contec-ek.de\/inhalt\/wp-content\/uploads\/2019\/08\/BFT-Block-plant-Kuwait.pdf\"><span class=\"fusion-button-text\">Cliquez ici<\/span><i class=\"fa-file-pdf fas button-icon-right\" aria-hidden=\"true\"><\/i><\/a><\/div><\/div><\/div><\/div><\/div><div class=\"fusion-fullwidth fullwidth-box fusion-builder-row-3 fusion-flex-container nonhundred-percent-fullwidth non-hundred-percent-height-scrolling\" style=\"--awb-border-radius-top-left:0px;--awb-border-radius-top-right:0px;--awb-border-radius-bottom-right:0px;--awb-border-radius-bottom-left:0px;--awb-margin-top:30px;--awb-margin-bottom:30px;\" ><div class=\"fusion-builder-row fusion-row fusion-flex-align-items-flex-start\" style=\"max-width:1248px;margin-left: calc(-4% \/ 2 );margin-right: calc(-4% \/ 2 );\"><div class=\"fusion-layout-column fusion_builder_column fusion-builder-column-4 fusion_builder_column_1_3 1_3 fusion-flex-column\" style=\"--awb-bg-size:cover;--awb-width-large:33.333333333333%;--awb-margin-top-large:0px;--awb-spacing-right-large:5.76%;--awb-margin-bottom-large:20px;--awb-spacing-left-large:5.76%;--awb-width-medium:100%;--awb-spacing-right-medium:1.92%;--awb-spacing-left-medium:1.92%;--awb-width-small:100%;--awb-spacing-right-small:1.92%;--awb-spacing-left-small:1.92%;\"><div class=\"fusion-column-wrapper fusion-flex-justify-content-flex-start fusion-content-layout-column\"><div class=\"fusion-title title fusion-title-8 fusion-sep-none fusion-title-text fusion-title-size-three\" style=\"--awb-margin-bottom:10px;--awb-font-size:18px;\"><h3 class=\"title-heading-left\" style=\"margin:0;font-size:1em;\">Antekad Sdn. Bhd. recoit un commande importante<br \/>\npour les planches en bois dur de Lithonplus<\/h3><\/div><div class=\"fusion-title title fusion-title-9 fusion-sep-none fusion-title-text fusion-title-size-three\" style=\"--awb-font-size:15px;\"><h3 class=\"title-heading-left\" style=\"margin:0;font-size:1em;\">BWI\/CPI- Edition internationale octobre 2006<br \/>\nBFT-Edition internationale novembre 2018<\/h3><\/div><div ><a class=\"fusion-button button-flat button-large button-default fusion-button-default button-4 fusion-button-span-yes fusion-button-default-type\" style=\"--button-border-radius-top-left:0px;--button-border-radius-top-right:0px;--button-border-radius-bottom-right:0px;--button-border-radius-bottom-left:0px;\" target=\"_blank\" rel=\"noopener noreferrer\" href=\"http:\/\/contec-ek.de\/inhalt\/wp-content\/uploads\/2019\/09\/BWI_05-2006_s140-141.pdf\"><span class=\"fusion-button-text\">Cliquez ici<\/span><i class=\"fa-file-pdf fas button-icon-right\" aria-hidden=\"true\"><\/i><\/a><\/div><\/div><\/div><div class=\"fusion-layout-column fusion_builder_column fusion-builder-column-5 fusion_builder_column_1_3 1_3 fusion-flex-column\" style=\"--awb-bg-size:cover;--awb-width-large:33.333333333333%;--awb-margin-top-large:0px;--awb-spacing-right-large:5.76%;--awb-margin-bottom-large:20px;--awb-spacing-left-large:5.76%;--awb-width-medium:100%;--awb-spacing-right-medium:1.92%;--awb-spacing-left-medium:1.92%;--awb-width-small:100%;--awb-spacing-right-small:1.92%;--awb-spacing-left-small:1.92%;\"><div class=\"fusion-column-wrapper fusion-flex-justify-content-flex-start fusion-content-layout-column\"><div class=\"fusion-title title fusion-title-10 fusion-sep-none fusion-title-text fusion-title-size-three\" style=\"--awb-margin-bottom:10px;--awb-font-size:18px;\"><h3 class=\"title-heading-left\" style=\"margin:0;font-size:1em;\">Nouvelles usines de paves-<br \/>\net dalles en b\u00e9ton en R\u00e9publique tch\u00e8que<\/h3><\/div><div class=\"fusion-title title fusion-title-11 fusion-sep-none fusion-title-text fusion-title-size-three\" style=\"--awb-font-size:15px;\"><h3 class=\"title-heading-left\" style=\"margin:0;font-size:1em;\">BFT-Edition internationale mars 1993<\/h3><\/div><div class=\"fusion-separator fusion-full-width-sep\" style=\"align-self: center;margin-left: auto;margin-right: auto;margin-bottom:47px;width:100%;\"><\/div><div ><a class=\"fusion-button button-flat button-large button-default fusion-button-default button-5 fusion-button-span-yes fusion-button-default-type\" style=\"--button-border-radius-top-left:0px;--button-border-radius-top-right:0px;--button-border-radius-bottom-right:0px;--button-border-radius-bottom-left:0px;\" target=\"_blank\" rel=\"noopener noreferrer\" href=\"http:\/\/contec-ek.de\/inhalt\/wp-content\/uploads\/2019\/08\/BFT-Artikel-3_93.pdf\"><span class=\"fusion-button-text\">Cliquez ici<\/span><i class=\"fa-file-pdf fas button-icon-right\" aria-hidden=\"true\"><\/i><\/a><\/div><\/div><\/div><div class=\"fusion-layout-column fusion_builder_column fusion-builder-column-6 fusion_builder_column_1_3 1_3 fusion-flex-column fusion-no-small-visibility fusion-no-medium-visibility\" style=\"--awb-bg-size:cover;--awb-width-large:33.333333333333%;--awb-margin-top-large:0px;--awb-spacing-right-large:5.76%;--awb-margin-bottom-large:20px;--awb-spacing-left-large:5.76%;--awb-width-medium:100%;--awb-spacing-right-medium:1.92%;--awb-spacing-left-medium:1.92%;--awb-width-small:100%;--awb-spacing-right-small:1.92%;--awb-spacing-left-small:1.92%;\"><div class=\"fusion-column-wrapper fusion-flex-justify-content-flex-start fusion-content-layout-column\"><\/div><\/div><div class=\"fusion-layout-column fusion_builder_column fusion-builder-column-7 fusion_builder_column_1_1 1_1 fusion-flex-column\" style=\"--awb-padding-top:30px;--awb-bg-size:cover;--awb-width-large:100%;--awb-margin-top-large:0px;--awb-spacing-right-large:1.92%;--awb-margin-bottom-large:20px;--awb-spacing-left-large:1.92%;--awb-width-medium:100%;--awb-spacing-right-medium:1.92%;--awb-spacing-left-medium:1.92%;--awb-width-small:100%;--awb-spacing-right-small:1.92%;--awb-spacing-left-small:1.92%;\"><div class=\"fusion-column-wrapper fusion-flex-justify-content-flex-start fusion-content-layout-column\"><div class=\"fusion-text fusion-text-1\"><p>Nos clients appr\u00e9cient notre service rapide et pas complique!<strong><br \/>\n<\/strong><br \/>\n<strong>Vous pouvex nous joindre a:<\/strong><\/p>\n<p><strong>Stefan Schramm<\/strong><br \/>\n+49(0)6129-5371873\u00a0ou\u00a0Mobil +49(0)171-5532240 ou\u00a0Mail:\u00a0<a href=\"mailto:schramm@contec-ek.de\">schramm@contec-ek.de<\/a><\/p>\n<p><strong>Stefan Parsch<\/strong><br \/>\n+49(0)2632-505205669\u00a0ou\u00a0Mobil +49(0)171-3850789\u00a0ou\u00a0Mail:\u00a0<a href=\"mailto:s.parsch@contec-ek.de\">s.parsch@contec-ek.de\u00a0<\/a><\/p>\n<\/div><\/div><\/div><\/div><\/div><\/p>\n","protected":false},"excerpt":{"rendered":"","protected":false},"author":1,"featured_media":0,"parent":0,"menu_order":0,"comment_status":"closed","ping_status":"open","template":"100-width.php","meta":{"footnotes":""},"class_list":["post-144","page","type-page","status-publish","hentry"],"_links":{"self":[{"href":"https:\/\/contec-ek.de\/inhalt-fr\/wp-json\/wp\/v2\/pages\/144","targetHints":{"allow":["GET"]}}],"collection":[{"href":"https:\/\/contec-ek.de\/inhalt-fr\/wp-json\/wp\/v2\/pages"}],"about":[{"href":"https:\/\/contec-ek.de\/inhalt-fr\/wp-json\/wp\/v2\/types\/page"}],"author":[{"embeddable":true,"href":"https:\/\/contec-ek.de\/inhalt-fr\/wp-json\/wp\/v2\/users\/1"}],"replies":[{"embeddable":true,"href":"https:\/\/contec-ek.de\/inhalt-fr\/wp-json\/wp\/v2\/comments?post=144"}],"version-history":[{"count":46,"href":"https:\/\/contec-ek.de\/inhalt-fr\/wp-json\/wp\/v2\/pages\/144\/revisions"}],"predecessor-version":[{"id":640,"href":"https:\/\/contec-ek.de\/inhalt-fr\/wp-json\/wp\/v2\/pages\/144\/revisions\/640"}],"wp:attachment":[{"href":"https:\/\/contec-ek.de\/inhalt-fr\/wp-json\/wp\/v2\/media?parent=144"}],"curies":[{"name":"wp","href":"https:\/\/api.w.org\/{rel}","templated":true}]}}